{"id":1354,"date":"2021-04-22T09:58:31","date_gmt":"2021-04-22T07:58:31","guid":{"rendered":"https:\/\/lesniczowkapodsniezka.pl\/?page_id=1354"},"modified":"2021-06-23T11:23:48","modified_gmt":"2021-06-23T09:23:48","slug":"okolica","status":"publish","type":"page","link":"https:\/\/lesniczowkapodsniezka.pl\/de\/okolica","title":{"rendered":"Okolica"},"content":{"rendered":"<section id=\"section-2-1354\" class=\"ct-section\" ><div class=\"ct-section-inner-wrap\"><div id=\"div_block-3-1354\" class=\"ct-div-block\" ><div id=\"div_block-4-1354\" class=\"ct-div-block\" ><div id=\"div_block-5-1354\" class=\"ct-div-block\" ><div id=\"text_block-6-1354\" class=\"ct-text-block subtitle\" >Malowniczy<\/div><div id=\"text_block-7-1354\" class=\"ct-text-block title\"  data-aos=\"fade-left\" data-aos-duration=\"700\" data-aos-delay=\"200\" data-aos-once=\"true\">Bukowiec<\/div><\/div><div id=\"_rich_text-8-1354\" class=\"oxy-rich-text txt\" ><p><span style=\"font-family: Monotype Corsiva, serif;\"><span style=\"font-size: large;\">Bukowiec to wie\u015b z pi\u0119kn\u0105 histori\u0105, po\u0142o\u017cona u podn&oacute;\u017cy Karkonoszy, w otulinie Rudawskiego Parku Krajobrazowego. Przepi\u0119kne bukowe lasy daj\u0105 przyjemny ch\u0142&oacute;d latem oraz prawdziw\u0105 salw\u0119 kolor&oacute;w jesieni\u0105. <strong>Nasz dom po\u0142o\u017cony jest<\/strong> na zboczu g&oacute;ry Brze\u017anik (555 m n.p.m), otoczony lasem, oddalony od innych zabudowa\u0144. Jad\u0105c do nas mo\u017cesz mie\u0107 wra\u017cenie, \u017ce zb\u0142\u0105dzi\u0142e\u015b, \u017ce dalej jest ju\u017c tylko las. Jednak nie. Jeste\u015bmy My i czekamy na Ciebie.<\/span><\/span><\/p>\n<p><span style=\"font-family: Monotype Corsiva, serif;\"><span style=\"font-size: large;\">Le\u015bnicz&oacute;wka daje <strong>schronienie od zgie\u0142ku<\/strong> turystycznej okolicy, a jednocze\u015bnie wszystkie atrakcje s\u0105 na wyci\u0105gni\u0119cie r\u0119ki. Zaledwie 600m duktu le\u015bnego dzieli nas od drogi, kt&oacute;r\u0105 dojedziesz we wszystkie ciekawe miejsca. Z ch\u0119ci\u0105 polecimy Ci wiele wartych zobaczenia miejsc, zar&oacute;wno tych bardziej, jak i tych mniej znanych. W niekt&oacute;rych z nich, na has\u0142o Le\u015bnicz&oacute;wka pod \u015anie\u017ck\u0105 otrzymasz specjalny rabat.<\/span><\/span><\/p><\/div><\/div><div id=\"div_block-9-1354\" class=\"ct-div-block arty-b3_img image-wrapper\" ><img id=\"image-10-1354\" alt=\"\" src=\"https:\/\/lesniczowkapodsniezka.pl\/wp-content\/uploads\/2021\/04\/11.jpg\" class=\"ct-image cover-image image-in\" data-aos=\"zoom-out\" data-aos-duration=\"1600\" data-aos-once=\"true\"\/><\/div><\/div><\/div><\/section><section id=\"section-11-1354\" class=\"ct-section\" ><div class=\"ct-section-inner-wrap\"><div id=\"div_block-12-1354\" class=\"ct-div-block\" ><div id=\"div_block-13-1354\" class=\"ct-div-block\" ><div id=\"div_block-14-1354\" class=\"ct-div-block\"  data-aos=\"fade-left\" data-aos-duration=\"1000\" data-aos-once=\"true\"><img id=\"image-58-1354\" alt=\"\" src=\"https:\/\/lesniczowkapodsniezka.pl\/wp-content\/uploads\/2021\/04\/or11-1000x800-1.jpg\" class=\"ct-image cover-image\"\/><h1 id=\"headline-15-1354\" class=\"ct-headline\">Ornamental Park<\/h1><div id=\"text_block-16-1354\" class=\"ct-text-block\" >Najwi\u0119ksz\u0105 atrakcj\u0105 Bukowca jest park krajobrazowy, za\u0142o\u017cony przez hrabiego von Redena.&nbsp; Na terenie parku znajduje si\u0119 wiele obiekt\u00f3w, kt\u00f3re warto zobaczy\u0107.<br><br><br><\/div><div id=\"div_block-17-1354\" class=\"ct-div-block\" ><div id=\"div_block-18-1354\" class=\"ct-div-block amenities-li\" ><div id=\"fancy_icon-19-1354\" class=\"ct-fancy-icon\" ><svg id=\"svg-fancy_icon-19-1354\"><use xlink:href=\"#FontAwesomeicon-check\"><\/use><\/svg><\/div><div id=\"text_block-20-1354\" class=\"ct-text-block\" >herbaciarnia<\/div><\/div><div id=\"div_block-21-1354\" class=\"ct-div-block amenities-li\" ><div id=\"fancy_icon-22-1354\" class=\"ct-fancy-icon\" ><svg id=\"svg-fancy_icon-22-1354\"><use xlink:href=\"#FontAwesomeicon-check\"><\/use><\/svg><\/div><div id=\"text_block-23-1354\" class=\"ct-text-block\" >dom ogrodnika<\/div><\/div><div id=\"div_block-24-1354\" class=\"ct-div-block amenities-li\" ><div id=\"fancy_icon-25-1354\" class=\"ct-fancy-icon\" ><svg id=\"svg-fancy_icon-25-1354\"><use xlink:href=\"#FontAwesomeicon-check\"><\/use><\/svg><\/div><div id=\"text_block-26-1354\" class=\"ct-text-block\" >wie\u017ca widokowa<\/div><\/div><div id=\"div_block-27-1354\" class=\"ct-div-block amenities-li\" ><div id=\"fancy_icon-28-1354\" class=\"ct-fancy-icon\" ><svg id=\"svg-fancy_icon-28-1354\"><use xlink:href=\"#FontAwesomeicon-check\"><\/use><\/svg><\/div><div id=\"text_block-29-1354\" class=\"ct-text-block\" >grota w skale<\/div><\/div><div id=\"div_block-30-1354\" class=\"ct-div-block amenities-li\" ><div id=\"fancy_icon-31-1354\" class=\"ct-fancy-icon\" ><svg id=\"svg-fancy_icon-31-1354\"><use xlink:href=\"#FontAwesomeicon-check\"><\/use><\/svg><\/div><div id=\"text_block-32-1354\" class=\"ct-text-block\" >opactwo<\/div><\/div><div id=\"div_block-33-1354\" class=\"ct-div-block amenities-li\" ><div id=\"fancy_icon-34-1354\" class=\"ct-fancy-icon\" ><svg id=\"svg-fancy_icon-34-1354\"><use xlink:href=\"#FontAwesomeicon-check\"><\/use><\/svg><\/div><div id=\"text_block-35-1354\" class=\"ct-text-block\" >ponura kapliczka<\/div><\/div><div id=\"div_block-36-1354\" class=\"ct-div-block amenities-li\" ><div id=\"fancy_icon-37-1354\" class=\"ct-fancy-icon\" ><svg id=\"svg-fancy_icon-37-1354\"><use xlink:href=\"#FontAwesomeicon-check\"><\/use><\/svg><\/div><div id=\"text_block-38-1354\" class=\"ct-text-block\" >dom rybaka<\/div><\/div><div id=\"div_block-39-1354\" class=\"ct-div-block amenities-li\" ><div id=\"fancy_icon-40-1354\" class=\"ct-fancy-icon\" ><svg id=\"svg-fancy_icon-40-1354\"><use xlink:href=\"#FontAwesomeicon-check\"><\/use><\/svg><\/div><div id=\"text_block-41-1354\" class=\"ct-text-block\" >studnia renesansowa<\/div><\/div><\/div><\/div><\/div><\/div><\/div><\/section><section id=\"section-59-1354\" class=\"ct-section\" ><div class=\"ct-section-inner-wrap\"><div id=\"text_block-60-1354\" class=\"ct-text-block title\"  data-aos=\"fade-left\" data-aos-duration=\"700\" data-aos-delay=\"200\" data-aos-once=\"true\">Atrakcje<\/div><div id=\"text_block-658-1354\" class=\"ct-text-block\" >Bukowiec jest niew\u0105tpliwie malownicz\u0105 miejscowo\u015bci\u0105, po\u0142o\u017con\u0105 w pi\u0119knym regionie.<br>Zobacz niekt\u00f3re atrakcje, kt\u00f3re mo\u017cna znale\u017a\u0107 w&nbsp; najbli\u017cszej okolicy.<\/div><div id=\"div_block-62-1354\" class=\"ct-div-block\" ><div id=\"_dynamic_list-860-1354\"  class=\"oxy-dynamic-list\"  ><div id=\"div_block-861-1354\" class=\"ct-div-block\" ><div id=\"div_block-862-1354\" class=\"ct-div-block attraction-box\" ><img id=\"image-863-1354\" alt=\"\" src=\"https:\/\/lesniczowkapodsniezka.pl\/wp-content\/uploads\/2021\/04\/image-min.png\" class=\"ct-image cover-image\"\/><\/div><div id=\"div_block-866-1354\" class=\"ct-div-block\" ><div id=\"text_block-867-1354\" class=\"ct-text-block\" ><span id=\"span-868-1354\" class=\"ct-span\" >dla dzieci<\/span><\/div><h3 id=\"headline-869-1354\" class=\"ct-headline section-heading\"><span id=\"span-870-1354\" class=\"ct-span\" >Kolorowa<\/span><\/h3><div id=\"text_block-871-1354\" class=\"ct-text-block txt\" ><span id=\"span-872-1354\" class=\"ct-span\" ><p>jest to letni tor saneczkowy, kt\u00f3ry dostarczy niesamowitych wra\u017ce\u0144. Odpowiedni dla dzieci i doros\u0142ych. Minimalny wiek prowadz\u0105cego to 8 lat. Dzieci m\u0142odsze ni\u017c 8 lat mog\u0105 korzysta\u0107 z toru tylko z osob\u0105 doros\u0142\u0105.<br \/>\nRynna saneczkowa jest jedn\u0105 z najd\u0142u\u017cszych tor\u00f3w saneczkowych w Polsce.<br \/>\nW\u00f3zki zje\u017cd\u017caj\u0105 z maksymaln\u0105 pr\u0119dko\u015bci\u0105 35 km\/h. Saneczki posiadaj\u0105 hamulec.<\/p>\n<\/span><\/div><a id=\"link_button-1087-1354\" class=\"ct-link-button btn-full\" href=\"https:\/\/www.google.com\/maps\/place\/Letni+Tor+Saneczkowy+Kolorowa\/@50.7732794,15.7503668,17z\/data=!3m1!4b1!4m5!3m4!1s0x470ee89ac42f33ff:0x4c9091be616740ed!8m2!3d50.7732794!4d15.7525555\" target=\"_self\"  >&nbsp;WI\u0118CEJ<\/a><\/div><\/div><\/div><\/div><\/div><\/section>","protected":false},"excerpt":{"rendered":"","protected":false},"author":1,"featured_media":0,"parent":0,"menu_order":0,"comment_status":"closed","ping_status":"closed","template":"","meta":[],"yoast_head":"<!-- This site is optimized with the Yoast SEO plugin v17.7.1 - https:\/\/yoast.com\/wordpress\/plugins\/seo\/ -->\n<title>Okolica - Le\u015bnicz\u00f3wka pod \u015anie\u017ck\u0105<\/title>\n<meta name=\"robots\" content=\"index, follow, max-snippet:-1, max-image-preview:large, max-video-preview:-1\" \/>\n<link rel=\"canonical\" href=\"https:\/\/lesniczowkapodsniezka.pl\/de\/okolica\/\" \/>\n<meta property=\"og:locale\" content=\"de_DE\" \/>\n<meta property=\"og:type\" content=\"article\" \/>\n<meta property=\"og:title\" content=\"Okolica - Le\u015bnicz\u00f3wka pod \u015anie\u017ck\u0105\" \/>\n<meta property=\"og:url\" content=\"https:\/\/lesniczowkapodsniezka.pl\/de\/okolica\/\" \/>\n<meta property=\"og:site_name\" content=\"Le\u015bnicz\u00f3wka pod \u015anie\u017ck\u0105\" \/>\n<meta property=\"article:modified_time\" content=\"2021-06-23T09:23:48+00:00\" \/>\n<meta name=\"twitter:card\" content=\"summary_large_image\" \/>\n<script type=\"application\/ld+json\" class=\"yoast-schema-graph\">{\"@context\":\"https:\/\/schema.org\",\"@graph\":[{\"@type\":\"WebSite\",\"@id\":\"https:\/\/lesniczowkapodsniezka.pl\/#website\",\"url\":\"https:\/\/lesniczowkapodsniezka.pl\/\",\"name\":\"Le\\u015bnicz\\u00f3wka pod \\u015anie\\u017ck\\u0105\",\"description\":\"Klimatyczne noclegi w Bukowcu w Le\\u015bnicz\\u00f3wce pod \\u015anie\\u017ck\\u0105\",\"potentialAction\":[{\"@type\":\"SearchAction\",\"target\":{\"@type\":\"EntryPoint\",\"urlTemplate\":\"https:\/\/lesniczowkapodsniezka.pl\/?s={search_term_string}\"},\"query-input\":\"required name=search_term_string\"}],\"inLanguage\":\"de\"},{\"@type\":\"WebPage\",\"@id\":\"https:\/\/lesniczowkapodsniezka.pl\/okolica#webpage\",\"url\":\"https:\/\/lesniczowkapodsniezka.pl\/okolica\",\"name\":\"Okolica - Le\\u015bnicz\\u00f3wka pod \\u015anie\\u017ck\\u0105\",\"isPartOf\":{\"@id\":\"https:\/\/lesniczowkapodsniezka.pl\/#website\"},\"datePublished\":\"2021-04-22T07:58:31+00:00\",\"dateModified\":\"2021-06-23T09:23:48+00:00\",\"breadcrumb\":{\"@id\":\"https:\/\/lesniczowkapodsniezka.pl\/okolica#breadcrumb\"},\"inLanguage\":\"de\",\"potentialAction\":[{\"@type\":\"ReadAction\",\"target\":[\"https:\/\/lesniczowkapodsniezka.pl\/okolica\"]}]},{\"@type\":\"BreadcrumbList\",\"@id\":\"https:\/\/lesniczowkapodsniezka.pl\/okolica#breadcrumb\",\"itemListElement\":[{\"@type\":\"ListItem\",\"position\":1,\"name\":\"Strona g\\u0142\\u00f3wna\",\"item\":\"https:\/\/lesniczowkapodsniezka.pl\/\"},{\"@type\":\"ListItem\",\"position\":2,\"name\":\"Okolica\"}]}]}<\/script>\n<!-- \/ Yoast SEO plugin. -->","yoast_head_json":{"title":"Okolica - Le\u015bnicz\u00f3wka pod \u015anie\u017ck\u0105","robots":{"index":"index","follow":"follow","max-snippet":"max-snippet:-1","max-image-preview":"max-image-preview:large","max-video-preview":"max-video-preview:-1"},"canonical":"https:\/\/lesniczowkapodsniezka.pl\/de\/okolica\/","og_locale":"de_DE","og_type":"article","og_title":"Okolica - Le\u015bnicz\u00f3wka pod \u015anie\u017ck\u0105","og_url":"https:\/\/lesniczowkapodsniezka.pl\/de\/okolica\/","og_site_name":"Le\u015bnicz\u00f3wka pod \u015anie\u017ck\u0105","article_modified_time":"2021-06-23T09:23:48+00:00","twitter_card":"summary_large_image","schema":{"@context":"https:\/\/schema.org","@graph":[{"@type":"WebSite","@id":"https:\/\/lesniczowkapodsniezka.pl\/#website","url":"https:\/\/lesniczowkapodsniezka.pl\/","name":"Le\u015bnicz\u00f3wka pod \u015anie\u017ck\u0105","description":"Klimatyczne noclegi w Bukowcu w Le\u015bnicz\u00f3wce pod \u015anie\u017ck\u0105","potentialAction":[{"@type":"SearchAction","target":{"@type":"EntryPoint","urlTemplate":"https:\/\/lesniczowkapodsniezka.pl\/?s={search_term_string}"},"query-input":"required name=search_term_string"}],"inLanguage":"de"},{"@type":"WebPage","@id":"https:\/\/lesniczowkapodsniezka.pl\/okolica#webpage","url":"https:\/\/lesniczowkapodsniezka.pl\/okolica","name":"Okolica - Le\u015bnicz\u00f3wka pod \u015anie\u017ck\u0105","isPartOf":{"@id":"https:\/\/lesniczowkapodsniezka.pl\/#website"},"datePublished":"2021-04-22T07:58:31+00:00","dateModified":"2021-06-23T09:23:48+00:00","breadcrumb":{"@id":"https:\/\/lesniczowkapodsniezka.pl\/okolica#breadcrumb"},"inLanguage":"de","potentialAction":[{"@type":"ReadAction","target":["https:\/\/lesniczowkapodsniezka.pl\/okolica"]}]},{"@type":"BreadcrumbList","@id":"https:\/\/lesniczowkapodsniezka.pl\/okolica#breadcrumb","itemListElement":[{"@type":"ListItem","position":1,"name":"Strona g\u0142\u00f3wna","item":"https:\/\/lesniczowkapodsniezka.pl\/"},{"@type":"ListItem","position":2,"name":"Okolica"}]}]}},"_links":{"self":[{"href":"https:\/\/lesniczowkapodsniezka.pl\/de\/wp-json\/wp\/v2\/pages\/1354"}],"collection":[{"href":"https:\/\/lesniczowkapodsniezka.pl\/de\/wp-json\/wp\/v2\/pages"}],"about":[{"href":"https:\/\/lesniczowkapodsniezka.pl\/de\/wp-json\/wp\/v2\/types\/page"}],"author":[{"embeddable":true,"href":"https:\/\/lesniczowkapodsniezka.pl\/de\/wp-json\/wp\/v2\/users\/1"}],"replies":[{"embeddable":true,"href":"https:\/\/lesniczowkapodsniezka.pl\/de\/wp-json\/wp\/v2\/comments?post=1354"}],"version-history":[{"count":18,"href":"https:\/\/lesniczowkapodsniezka.pl\/de\/wp-json\/wp\/v2\/pages\/1354\/revisions"}],"predecessor-version":[{"id":1638,"href":"https:\/\/lesniczowkapodsniezka.pl\/de\/wp-json\/wp\/v2\/pages\/1354\/revisions\/1638"}],"wp:attachment":[{"href":"https:\/\/lesniczowkapodsniezka.pl\/de\/wp-json\/wp\/v2\/media?parent=1354"}],"curies":[{"name":"wp","href":"https:\/\/api.w.org\/{rel}","templated":true}]}}