{"id":1459,"date":"2021-04-22T14:49:58","date_gmt":"2021-04-22T12:49:58","guid":{"rendered":"https:\/\/lesniczowkapodsniezka.pl\/?page_id=1459"},"modified":"2021-05-10T09:31:00","modified_gmt":"2021-05-10T07:31:00","slug":"na-wylacznosc","status":"publish","type":"page","link":"https:\/\/lesniczowkapodsniezka.pl\/de\/na-wylacznosc","title":{"rendered":"Na wy\u0142\u0105czno\u015b\u0107"},"content":{"rendered":"<section id=\"section-21-1459\" class=\"ct-section\" ><div class=\"ct-section-inner-wrap\"><div id=\"div_block-22-1459\" class=\"ct-div-block\" ><div id=\"div_block-23-1459\" class=\"ct-div-block\" ><div id=\"div_block-24-1459\" class=\"ct-div-block\" ><div id=\"text_block-25-1459\" class=\"ct-text-block subtitle\" >Wynajem<\/div><div id=\"text_block-26-1459\" class=\"ct-text-block title\"  data-aos=\"fade-left\" data-aos-duration=\"700\" data-aos-delay=\"200\" data-aos-once=\"true\">Obiekt na wy\u0142\u0105czno\u015b\u0107<\/div><\/div><div id=\"_rich_text-27-1459\" class=\"oxy-rich-text txt\" ><p><span style=\"color: #000000;\"><span style=\"font-family: Monotype Corsiva, serif;\"><span style=\"font-size: large;\">Nasza Le\u015bnicz&oacute;wka b\u0119dzie idealn\u0105 urlopow\u0105 przystani\u0105 dla ka\u017cdego przez ca\u0142y rok. Mo\u017cesz wybra\u0107 si\u0119 tutaj <strong>z najbli\u017cszymi i grup\u0105 przyjaci&oacute;\u0142<\/strong> na niezapomniane wczasy, podczas kt&oacute;rych nie zabraknie biesiad przy ognisku, przy akompaniamencie d\u0142ugich rozm&oacute;w i szczerych \u015bmiech&oacute;w.&nbsp;Obiekt <strong>bez problemu pomie\u015bci 16 os&oacute;b<\/strong>, a je\u015bli b\u0119d\u0105 potrzebne dodatkowe miejsca- zadzwo\u0144, na pewno co\u015b wymy\u015blimy. Do Waszej dyspozycji oddamy pi\u0119\u0107 sypialni, ka\u017cda z w\u0142asn\u0105 \u0142azienk\u0105 oraz w pe\u0142ni wyposa\u017con\u0105 kuchni\u0119 po\u0142\u0105czon\u0105 z jadalni\u0105 i oczywi\u015bcie ogr&oacute;d z paleniskiem i altan\u0105, kt&oacute;re s\u0105 idealnym miejscem do biesiadowania . Le\u015bnicz&oacute;wka jest idealn\u0105 opcj\u0105 na zorganizowane wypady!<\/span><\/span><\/span><\/p>\n<p>&nbsp;<\/p><\/div><\/div><div id=\"div_block-28-1459\" class=\"ct-div-block arty-b3_img image-wrapper\" ><img id=\"image-29-1459\" alt=\"\" src=\"https:\/\/lesniczowkapodsniezka.pl\/wp-content\/uploads\/2021\/04\/a15-min.jpg\" class=\"ct-image cover-image image-in\" data-aos=\"zoom-out\" data-aos-duration=\"1600\" data-aos-once=\"true\"\/><\/div><\/div><\/div><\/section><section id=\"section-166-1459\" class=\"ct-section\" ><div class=\"ct-section-inner-wrap\"><div id=\"div_block-167-1459\" class=\"ct-div-block\" >\n        <div id='_icon_box-168-1459' class='oxy-icon-box icon-box2' >\n          <div class='oxy-icon-box-icon'>\n              <div id=\"fancy_icon-169-1459\" class=\"ct-fancy-icon\" ><svg id=\"svg-fancy_icon-169-1459\"><use xlink:href=\"#Lineariconsicon-users\"><\/use><\/svg><\/div>          <\/div>\n          \n          <div class='oxy-icon-box-content'>\n            <h2 id='_icon_box-168-1459_heading' class='oxy-icon-box-heading oxygenberg-_icon_box-168-1459_heading'>\n              \n              16 miejsc                        <\/h2>\n            <p id='_icon_box-168-1459_text' class='oxy-icon-box-text oxygenberg-_icon_box-168-1459_text'>\n              Optymalna ilo\u015b\u0107 go\u015bci.            <\/p>\n            <div class='oxy-icon-box-link'>\n                          <\/div>\n          <\/div>\n        <\/div>\n\n        \n        <div id='_icon_box-170-1459' class='oxy-icon-box icon-box2' >\n          <div class='oxy-icon-box-icon'>\n              <div id=\"fancy_icon-171-1459\" class=\"ct-fancy-icon\" ><svg id=\"svg-fancy_icon-171-1459\"><use xlink:href=\"#Lineariconsicon-apartment\"><\/use><\/svg><\/div>          <\/div>\n          \n          <div class='oxy-icon-box-content'>\n            <h2 id='_icon_box-170-1459_heading' class='oxy-icon-box-heading oxygenberg-_icon_box-170-1459_heading'>\n              5 sypialni            <\/h2>\n            <p id='_icon_box-170-1459_text' class='oxy-icon-box-text oxygenberg-_icon_box-170-1459_text'>\n              Dysponujemy pokojami dla dw\u00f3ch, trzech, czterech i pi\u0119ciu os\u00f3b.            <\/p>\n            <div class='oxy-icon-box-link'>\n                          <\/div>\n          <\/div>\n        <\/div>\n\n        \n        <div id='_icon_box-172-1459' class='oxy-icon-box icon-box2' >\n          <div class='oxy-icon-box-icon'>\n              <div id=\"fancy_icon-173-1459\" class=\"ct-fancy-icon\" ><svg id=\"svg-fancy_icon-173-1459\"><use xlink:href=\"#Lineariconsicon-paw\"><\/use><\/svg><\/div>          <\/div>\n          \n          <div class='oxy-icon-box-content'>\n            <h2 id='_icon_box-172-1459_heading' class='oxy-icon-box-heading oxygenberg-_icon_box-172-1459_heading'>\n              Pupil z Tob\u0105            <\/h2>\n            <p id='_icon_box-172-1459_text' class='oxy-icon-box-text oxygenberg-_icon_box-172-1459_text'>\n              Podczas wynajmu na wy\u0142\u0105czno\u015b\u0107 akceptujemy zwierz\u0119ta.            <\/p>\n            <div class='oxy-icon-box-link'>\n                          <\/div>\n          <\/div>\n        <\/div>\n\n        <\/div><\/div><\/section><section id=\"section-117-1459\" class=\"ct-section\" style=\"background-image:linear-gradient(rgba(5,5,5,0.18), rgba(5,5,5,0.18)), url(https:\/\/lesniczowkapodsniezka.pl\/wp-content\/uploads\/2021\/04\/nawylacznosc1.jpg);background-size:auto,  cover;\" ><div class=\"ct-section-inner-wrap\"><div id=\"div_block-118-1459\" class=\"ct-div-block shapeDivider\" ><\/div><div id=\"div_block-119-1459\" class=\"ct-div-block\" ><div id=\"text_block-120-1459\" class=\"ct-text-block\" >Organizacja<\/div><div id=\"text_block-121-1459\" class=\"ct-text-block hero-title\" >Wydarzenia<\/div><\/div><div id=\"div_block-122-1459\" class=\"ct-div-block shapeDivider\" ><\/div><\/div><\/section><div id=\"div_block-124-1459\" class=\"ct-div-block\" ><section id=\"section-125-1459\" class=\"ct-section\" ><div class=\"ct-section-inner-wrap\"><div id=\"text_block-126-1459\" class=\"ct-text-block\" >Wydarzenia<\/div><div id=\"text_block-127-1459\" class=\"ct-text-block txt\" >Je\u015bli chcieliby\u015bcie zorganizowa\u0107 u nas specjaln\u0105 uroczysto\u015b\u0107 to jest to mo\u017cliwe tylko przy wynaj\u0119ciu obiektu na wy\u0142\u0105czno\u015b\u0107. Przed dokonaniem rezerwacji konieczne jest zaakceptowanie regulaminu.<\/div><div id=\"div_block-128-1459\" class=\"ct-div-block\" ><div id=\"div_block-129-1459\" class=\"ct-div-block\" ><div id=\"div_block-130-1459\" class=\"ct-div-block\" ><div id=\"div_block-131-1459\" class=\"ct-div-block\" ><div id=\"fancy_icon-132-1459\" class=\"ct-fancy-icon\" ><svg id=\"svg-fancy_icon-132-1459\"><use xlink:href=\"#FontAwesomeicon-check\"><\/use><\/svg><\/div><\/div><div id=\"text_block-133-1459\" class=\"ct-text-block\" >kawalerskie<\/div><\/div><div id=\"div_block-134-1459\" class=\"ct-div-block\" ><\/div><div id=\"div_block-135-1459\" class=\"ct-div-block\" ><div id=\"div_block-136-1459\" class=\"ct-div-block\" ><div id=\"fancy_icon-137-1459\" class=\"ct-fancy-icon\" ><svg id=\"svg-fancy_icon-137-1459\"><use xlink:href=\"#FontAwesomeicon-check\"><\/use><\/svg><\/div><\/div><div id=\"text_block-138-1459\" class=\"ct-text-block\" >panie\u0144skie<\/div><\/div><div id=\"div_block-139-1459\" class=\"ct-div-block\" ><\/div><\/div><div id=\"div_block-140-1459\" class=\"ct-div-block\" ><div id=\"div_block-141-1459\" class=\"ct-div-block\" ><div id=\"div_block-142-1459\" class=\"ct-div-block\" ><div id=\"fancy_icon-143-1459\" class=\"ct-fancy-icon\" ><svg id=\"svg-fancy_icon-143-1459\"><use xlink:href=\"#FontAwesomeicon-check\"><\/use><\/svg><\/div><\/div><div id=\"text_block-144-1459\" class=\"ct-text-block\" >urodziny<\/div><\/div><div id=\"div_block-145-1459\" class=\"ct-div-block\" ><\/div><div id=\"div_block-146-1459\" class=\"ct-div-block\" ><div id=\"div_block-147-1459\" class=\"ct-div-block\" ><div id=\"fancy_icon-148-1459\" class=\"ct-fancy-icon\" ><svg id=\"svg-fancy_icon-148-1459\"><use xlink:href=\"#FontAwesomeicon-check\"><\/use><\/svg><\/div><\/div><div id=\"text_block-149-1459\" class=\"ct-text-block\" >zjazd rodzinny<\/div><\/div><div id=\"div_block-150-1459\" class=\"ct-div-block\" ><\/div><\/div><\/div><\/div><\/section><\/div><section id=\"section-47-1459\" class=\"ct-section\" ><div class=\"ct-section-inner-wrap\"><div id=\"text_block-48-1459\" class=\"ct-text-block title\"  data-aos=\"fade-left\" data-aos-duration=\"700\" data-aos-delay=\"200\" data-aos-once=\"true\">Wsp\u00f3\u0142pracujemy&nbsp;<\/div><div id=\"text_block-49-1459\" class=\"ct-text-block\" >W zakresie organizacji imprez wsp\u00f3\u0142pracujemy z nast\u0119puj\u0105cymi firmami.<\/div><div id=\"div_block-50-1459\" class=\"ct-div-block\" ><div id=\"_dynamic_list-51-1459\"  class=\"oxy-dynamic-list\"  ><div id=\"div_block-52-1459\" class=\"ct-div-block\" ><div id=\"div_block-53-1459\" class=\"ct-div-block card-container\" ><div id=\"div_block-54-1459\" class=\"ct-div-block card\" ><div id=\"div_block-55-1459\" class=\"ct-div-block card-front\" ><div id=\"div_block-56-1459\" class=\"ct-div-block\" ><img id=\"image-58-1459\" alt=\"\" src=\"https:\/\/lesniczowkapodsniezka.pl\/wp-content\/uploads\/2021\/05\/minosada.jpg\" class=\"ct-image cover-image\"\/><\/div><\/div><div id=\"div_block-59-1459\" class=\"ct-div-block card-back\" style=\"background-image:url(https:\/\/lesniczowkapodsniezka.pl\/wp-content\/uploads\/2021\/05\/minosada.jpg);background-size: cover;\" ><div id=\"div_block-68-1459\" class=\"ct-div-block\" ><\/div><div id=\"div_block-60-1459\" class=\"ct-div-block\" ><div id=\"text_block-61-1459\" class=\"ct-text-block card-title\" ><span id=\"span-62-1459\" class=\"ct-span\" >PRO SHOT<\/span><\/div><div id=\"text_block-63-1459\" class=\"ct-text-block card-description\" ><br><span id=\"span-64-1459\" class=\"ct-span\" >Strzelectwo i imprezy w Proshot to adrenalina i emocje w krystalicznie czystej formie! Zobacz, ile mo\u017cesz z siebie da\u0107 graj\u0105c z paintball, czy strzelaj\u0105c z \u0142uku jak prawdziwy my\u015bliwy.<\/span><br><\/div><a id=\"link-226-1459\" class=\"ct-link\" href=\"https:\/\/www.proshot.pl\" target=\"_self\"  ><div id=\"fancy_icon-228-1459\" class=\"ct-fancy-icon\" ><svg id=\"svg-fancy_icon-228-1459\"><use xlink:href=\"#FontAwesomeicon-globe\"><\/use><\/svg><\/div><div id=\"text_block-230-1459\" class=\"ct-text-block\" >Zobacz<\/div><\/a><\/div><\/div><\/div><\/div><\/div><\/div><\/div><\/div><\/section>","protected":false},"excerpt":{"rendered":"","protected":false},"author":1,"featured_media":0,"parent":0,"menu_order":0,"comment_status":"closed","ping_status":"closed","template":"","meta":[],"yoast_head":"<!-- This site is optimized with the Yoast SEO plugin v17.7.1 - https:\/\/yoast.com\/wordpress\/plugins\/seo\/ -->\n<title>Na wy\u0142\u0105czno\u015b\u0107 - Le\u015bnicz\u00f3wka pod \u015anie\u017ck\u0105<\/title>\n<meta name=\"robots\" content=\"index, follow, max-snippet:-1, max-image-preview:large, max-video-preview:-1\" \/>\n<link rel=\"canonical\" href=\"https:\/\/lesniczowkapodsniezka.pl\/de\/na-wylacznosc\/\" \/>\n<meta property=\"og:locale\" content=\"de_DE\" \/>\n<meta property=\"og:type\" content=\"article\" \/>\n<meta property=\"og:title\" content=\"Na wy\u0142\u0105czno\u015b\u0107 - Le\u015bnicz\u00f3wka pod \u015anie\u017ck\u0105\" \/>\n<meta property=\"og:url\" content=\"https:\/\/lesniczowkapodsniezka.pl\/de\/na-wylacznosc\/\" \/>\n<meta property=\"og:site_name\" content=\"Le\u015bnicz\u00f3wka pod \u015anie\u017ck\u0105\" \/>\n<meta property=\"article:modified_time\" content=\"2021-05-10T07:31:00+00:00\" \/>\n<meta name=\"twitter:card\" content=\"summary_large_image\" \/>\n<script type=\"application\/ld+json\" class=\"yoast-schema-graph\">{\"@context\":\"https:\/\/schema.org\",\"@graph\":[{\"@type\":\"WebSite\",\"@id\":\"https:\/\/lesniczowkapodsniezka.pl\/#website\",\"url\":\"https:\/\/lesniczowkapodsniezka.pl\/\",\"name\":\"Le\\u015bnicz\\u00f3wka pod \\u015anie\\u017ck\\u0105\",\"description\":\"Klimatyczne noclegi w Bukowcu w Le\\u015bnicz\\u00f3wce pod \\u015anie\\u017ck\\u0105\",\"potentialAction\":[{\"@type\":\"SearchAction\",\"target\":{\"@type\":\"EntryPoint\",\"urlTemplate\":\"https:\/\/lesniczowkapodsniezka.pl\/?s={search_term_string}\"},\"query-input\":\"required name=search_term_string\"}],\"inLanguage\":\"de\"},{\"@type\":\"WebPage\",\"@id\":\"https:\/\/lesniczowkapodsniezka.pl\/na-wylacznosc#webpage\",\"url\":\"https:\/\/lesniczowkapodsniezka.pl\/na-wylacznosc\",\"name\":\"Na wy\\u0142\\u0105czno\\u015b\\u0107 - Le\\u015bnicz\\u00f3wka pod \\u015anie\\u017ck\\u0105\",\"isPartOf\":{\"@id\":\"https:\/\/lesniczowkapodsniezka.pl\/#website\"},\"datePublished\":\"2021-04-22T12:49:58+00:00\",\"dateModified\":\"2021-05-10T07:31:00+00:00\",\"breadcrumb\":{\"@id\":\"https:\/\/lesniczowkapodsniezka.pl\/na-wylacznosc#breadcrumb\"},\"inLanguage\":\"de\",\"potentialAction\":[{\"@type\":\"ReadAction\",\"target\":[\"https:\/\/lesniczowkapodsniezka.pl\/na-wylacznosc\"]}]},{\"@type\":\"BreadcrumbList\",\"@id\":\"https:\/\/lesniczowkapodsniezka.pl\/na-wylacznosc#breadcrumb\",\"itemListElement\":[{\"@type\":\"ListItem\",\"position\":1,\"name\":\"Strona g\\u0142\\u00f3wna\",\"item\":\"https:\/\/lesniczowkapodsniezka.pl\/\"},{\"@type\":\"ListItem\",\"position\":2,\"name\":\"Na wy\\u0142\\u0105czno\\u015b\\u0107\"}]}]}<\/script>\n<!-- \/ Yoast SEO plugin. -->","yoast_head_json":{"title":"Na wy\u0142\u0105czno\u015b\u0107 - Le\u015bnicz\u00f3wka pod \u015anie\u017ck\u0105","robots":{"index":"index","follow":"follow","max-snippet":"max-snippet:-1","max-image-preview":"max-image-preview:large","max-video-preview":"max-video-preview:-1"},"canonical":"https:\/\/lesniczowkapodsniezka.pl\/de\/na-wylacznosc\/","og_locale":"de_DE","og_type":"article","og_title":"Na wy\u0142\u0105czno\u015b\u0107 - Le\u015bnicz\u00f3wka pod \u015anie\u017ck\u0105","og_url":"https:\/\/lesniczowkapodsniezka.pl\/de\/na-wylacznosc\/","og_site_name":"Le\u015bnicz\u00f3wka pod \u015anie\u017ck\u0105","article_modified_time":"2021-05-10T07:31:00+00:00","twitter_card":"summary_large_image","schema":{"@context":"https:\/\/schema.org","@graph":[{"@type":"WebSite","@id":"https:\/\/lesniczowkapodsniezka.pl\/#website","url":"https:\/\/lesniczowkapodsniezka.pl\/","name":"Le\u015bnicz\u00f3wka pod \u015anie\u017ck\u0105","description":"Klimatyczne noclegi w Bukowcu w Le\u015bnicz\u00f3wce pod \u015anie\u017ck\u0105","potentialAction":[{"@type":"SearchAction","target":{"@type":"EntryPoint","urlTemplate":"https:\/\/lesniczowkapodsniezka.pl\/?s={search_term_string}"},"query-input":"required name=search_term_string"}],"inLanguage":"de"},{"@type":"WebPage","@id":"https:\/\/lesniczowkapodsniezka.pl\/na-wylacznosc#webpage","url":"https:\/\/lesniczowkapodsniezka.pl\/na-wylacznosc","name":"Na wy\u0142\u0105czno\u015b\u0107 - Le\u015bnicz\u00f3wka pod \u015anie\u017ck\u0105","isPartOf":{"@id":"https:\/\/lesniczowkapodsniezka.pl\/#website"},"datePublished":"2021-04-22T12:49:58+00:00","dateModified":"2021-05-10T07:31:00+00:00","breadcrumb":{"@id":"https:\/\/lesniczowkapodsniezka.pl\/na-wylacznosc#breadcrumb"},"inLanguage":"de","potentialAction":[{"@type":"ReadAction","target":["https:\/\/lesniczowkapodsniezka.pl\/na-wylacznosc"]}]},{"@type":"BreadcrumbList","@id":"https:\/\/lesniczowkapodsniezka.pl\/na-wylacznosc#breadcrumb","itemListElement":[{"@type":"ListItem","position":1,"name":"Strona g\u0142\u00f3wna","item":"https:\/\/lesniczowkapodsniezka.pl\/"},{"@type":"ListItem","position":2,"name":"Na wy\u0142\u0105czno\u015b\u0107"}]}]}},"_links":{"self":[{"href":"https:\/\/lesniczowkapodsniezka.pl\/de\/wp-json\/wp\/v2\/pages\/1459"}],"collection":[{"href":"https:\/\/lesniczowkapodsniezka.pl\/de\/wp-json\/wp\/v2\/pages"}],"about":[{"href":"https:\/\/lesniczowkapodsniezka.pl\/de\/wp-json\/wp\/v2\/types\/page"}],"author":[{"embeddable":true,"href":"https:\/\/lesniczowkapodsniezka.pl\/de\/wp-json\/wp\/v2\/users\/1"}],"replies":[{"embeddable":true,"href":"https:\/\/lesniczowkapodsniezka.pl\/de\/wp-json\/wp\/v2\/comments?post=1459"}],"version-history":[{"count":10,"href":"https:\/\/lesniczowkapodsniezka.pl\/de\/wp-json\/wp\/v2\/pages\/1459\/revisions"}],"predecessor-version":[{"id":1614,"href":"https:\/\/lesniczowkapodsniezka.pl\/de\/wp-json\/wp\/v2\/pages\/1459\/revisions\/1614"}],"wp:attachment":[{"href":"https:\/\/lesniczowkapodsniezka.pl\/de\/wp-json\/wp\/v2\/media?parent=1459"}],"curies":[{"name":"wp","href":"https:\/\/api.w.org\/{rel}","templated":true}]}}