{"id":1596,"date":"2021-04-30T14:36:14","date_gmt":"2021-04-30T12:36:14","guid":{"rendered":"https:\/\/lesniczowkapodsniezka.pl\/?page_id=1596"},"modified":"2021-04-30T14:40:57","modified_gmt":"2021-04-30T12:40:57","slug":"gastronomia","status":"publish","type":"page","link":"https:\/\/lesniczowkapodsniezka.pl\/de\/gastronomia","title":{"rendered":"Posi\u0142ki"},"content":{"rendered":"<section id=\"section-74-1473\" class=\"ct-section\" ><div class=\"ct-section-inner-wrap\"><div id=\"div_block-84-1473\" class=\"ct-div-block\" ><div id=\"div_block-85-1473\" class=\"ct-div-block\" ><div id=\"text_block-86-1473\" class=\"ct-text-block subtitle\" >Gastronomia<\/div><div id=\"text_block-87-1473\" class=\"ct-text-block title\"  data-aos=\"fade-left\" data-aos-duration=\"700\" data-aos-delay=\"200\" data-aos-once=\"true\">Posi\u0142ki w Le\u015bnicz\u00f3wce<\/div><\/div><div id=\"_rich_text-88-1473\" class=\"oxy-rich-text txt\" ><p><span style=\"font-family: Monotype Corsiva, serif;\"><span style=\"font-size: large;\">Uwa\u017camy, \u017ce ka\u017cdy powinien je\u015b\u0107 tak jak lubi, dlatego te\u017c pozostawiamy do Twojej dyspozycji w pe\u0142ni wyposa\u017con\u0105 kuchni\u0119, w kt\u00f3rej mo\u017cesz przygotowa\u0107 ulubione potrawy oraz sp\u0119dzi\u0107 czas z bliskimi. U nas mo\u017cesz zaopatrzy\u0107 si\u0119 w pyszne jajka od naszych szcz\u0119\u015bliwych kurek lub najprawdziwszy wiejski twar\u00f3g i mleko z zaprzyja\u017anionego gospodarstwa. <\/span><\/span><\/p>\r\n<p>\u00a0<\/p><\/div><\/div><div id=\"div_block-75-1473\" class=\"ct-div-block\" ><div id=\"div_block-76-1473\" class=\"ct-div-block image-wrapper small-image\" ><img id=\"image-77-1473\" alt=\"\" src=\"https:\/\/lesniczowkapodsniezka.pl\/wp-content\/uploads\/2021\/04\/familyGarden.jpg\" class=\"ct-image image-in cover-image\"\/><\/div><div id=\"div_block-78-1473\" class=\"ct-div-block image-wrapper small-image\" ><img id=\"image-79-1473\" alt=\"\" src=\"https:\/\/lesniczowkapodsniezka.pl\/wp-content\/uploads\/2021\/04\/seniorMin.jpg\" class=\"ct-image image-in cover-image\"\/><\/div><div id=\"div_block-80-1473\" class=\"ct-div-block image-wrapper small-image\" ><img id=\"image-81-1473\" alt=\"\" src=\"https:\/\/lesniczowkapodsniezka.pl\/wp-content\/uploads\/2021\/04\/loving-min.jpg\" class=\"ct-image image-in cover-image\"\/><\/div><div id=\"div_block-82-1473\" class=\"ct-div-block image-wrapper small-image\" ><img id=\"image-83-1473\" alt=\"\" src=\"https:\/\/lesniczowkapodsniezka.pl\/wp-content\/uploads\/2021\/04\/hard-workMin4.jpg\" class=\"ct-image image-in cover-image\"\/><\/div><\/div><\/div><\/section><section id=\"section-92-1473\" class=\"ct-section shapeContainer\" style=\"background-image:linear-gradient(rgba(0,0,0,0.15), rgba(0,0,0,0.15)), url(https:\/\/lesniczowkapodsniezka.pl\/wp-content\/uploads\/2021\/04\/minfriends-sit-on-sunbeds-P856MRT-min.jpg);background-size:auto,  cover;\" ><div class=\"ct-section-inner-wrap\"><div id=\"div_block-94-1473\" class=\"ct-div-block\" ><div id=\"text_block-96-1473\" class=\"ct-text-block\" >Rezerwacja online<\/div><div id=\"text_block-99-1473\" class=\"ct-text-block hero-title\" >Najni\u017csze ceny<\/div><a id=\"link_button-100-1473\" class=\"ct-link-button btn-white-outline\" href=\"https:\/\/roomadmin.pl\/widget\/reservation-v2\/start?fh=7ae9f88a06c41429b1d8df8d519e089155011492&#038;style=%7B%22color_accent%22:%22%239cb7b2%22%7D\" target=\"_blank\"  >REZERWUJ<\/a><\/div><div id=\"div_block-102-1473\" class=\"ct-div-block shapeDivider\" ><\/div><div id=\"div_block-103-1473\" class=\"ct-div-block shapeDivider\" ><\/div><\/div><\/section><div id=\"div_block-249-1473\" class=\"ct-div-block\" ><section id=\"section-286-1473\" class=\"ct-section\" ><div class=\"ct-section-inner-wrap\"><div id=\"text_block-287-1473\" class=\"ct-text-block\" >Catering<\/div><div id=\"text_block-288-1473\" class=\"ct-text-block txt\" >Je\u015bli jednak w czasie pobytu zechcesz od\u0142o\u017cy\u0107 kuchenny fartuch na bok, z ch\u0119ci\u0105 polecimy Ci okoliczne wy\u015bmienite restauracje. Nasze ulubione przywioz\u0105 Ci posi\u0142ki pod same drzwi, a na has\u0142o Le\u015bnicz\u00f3wka pod \u015anie\u017ck\u0105 otrzymasz specjalny rabat!<\/div><div id=\"div_block-289-1473\" class=\"ct-div-block\" ><div id=\"div_block-290-1473\" class=\"ct-div-block\" ><div id=\"div_block-291-1473\" class=\"ct-div-block\" ><div id=\"div_block-292-1473\" class=\"ct-div-block\" ><div id=\"fancy_icon-293-1473\" class=\"ct-fancy-icon\" ><svg id=\"svg-fancy_icon-293-1473\"><use xlink:href=\"#FontAwesomeicon-check\"><\/use><\/svg><\/div><\/div><div id=\"text_block-294-1473\" class=\"ct-text-block\" >w\u0142oszczyzna<\/div><\/div><div id=\"div_block-295-1473\" class=\"ct-div-block\" ><\/div><div id=\"div_block-296-1473\" class=\"ct-div-block\" ><div id=\"div_block-297-1473\" class=\"ct-div-block\" ><div id=\"fancy_icon-298-1473\" class=\"ct-fancy-icon\" ><svg id=\"svg-fancy_icon-298-1473\"><use xlink:href=\"#FontAwesomeicon-check\"><\/use><\/svg><\/div><\/div><div id=\"text_block-299-1473\" class=\"ct-text-block\" >chi\u0144szczyzna<\/div><\/div><div id=\"div_block-300-1473\" class=\"ct-div-block\" ><\/div><\/div><div id=\"div_block-301-1473\" class=\"ct-div-block\" ><div id=\"div_block-302-1473\" class=\"ct-div-block\" ><div id=\"div_block-303-1473\" class=\"ct-div-block\" ><div id=\"fancy_icon-304-1473\" class=\"ct-fancy-icon\" ><svg id=\"svg-fancy_icon-304-1473\"><use xlink:href=\"#FontAwesomeicon-check\"><\/use><\/svg><\/div><\/div><div id=\"text_block-305-1473\" class=\"ct-text-block\" >jedzenie tradycyjne<\/div><\/div><div id=\"div_block-306-1473\" class=\"ct-div-block\" ><\/div><div id=\"div_block-307-1473\" class=\"ct-div-block\" ><div id=\"div_block-308-1473\" class=\"ct-div-block\" ><div id=\"fancy_icon-309-1473\" class=\"ct-fancy-icon\" ><svg id=\"svg-fancy_icon-309-1473\"><use xlink:href=\"#FontAwesomeicon-check\"><\/use><\/svg><\/div><\/div><div id=\"text_block-310-1473\" class=\"ct-text-block\" >ameryka\u0144skie<\/div><\/div><div id=\"div_block-311-1473\" class=\"ct-div-block\" ><\/div><\/div><\/div><\/div><\/section><\/div><section id=\"section-144-1473\" class=\"ct-section\" ><div class=\"ct-section-inner-wrap\"><div id=\"text_block-145-1473\" class=\"ct-text-block title\"  data-aos=\"fade-left\" data-aos-duration=\"700\" data-aos-delay=\"200\" data-aos-once=\"true\">Wsp\u00f3\u0142pracujemy&nbsp;<\/div><div id=\"text_block-146-1473\" class=\"ct-text-block\" >W zakresie cateringu wsp\u00f3\u0142pracujemy z nast\u0119puj\u0105cymi firmami.<\/div><div id=\"div_block-147-1473\" class=\"ct-div-block\" >\n\t\t<div id=\"-carousel-builder-165-1473\" class=\"oxy-carousel-builder\"><div class=\"oxy-carousel-builder_inner oxy-inner-content\" data-prev=\"#-carousel-builder-165-1473 .oxy-carousel-builder_prev\" data-next=\"#-carousel-builder-165-1473 .oxy-carousel-builder_next\" data-contain=\"true\" data-percent=\"true\" data-freescroll=\"false\" data-draggable=\"true\" data-wraparound=\"true\" data-carousel=\".oxy-dynamic-list\" data-cell=\"\" data-dragthreshold=\"3\" data-selectedattraction=\"0.025\" data-friction=\"0.28\" data-freescrollfriction=\"0.075\" data-forceheight=\"false\" data-fade=\"false\" data-tickerpause=\"true\" data-groupcells=\"1\" data-resume-autoplay=\"367\" data-autoplay=\"4000\" data-pauseautoplay=\"true\" data-hash=\"false\" data-initial=\"1\" data-accessibility=\"true\" data-cellalign=\"left\" data-righttoleft=\"false\" data-images-loaded=\"true\" data-pagedots=\"true\" data-trigger-aos=\"false\" data-clickselect=\"false\" data-tick=\"false\" ><div id=\"_dynamic_list-148-1473\"  class=\"oxy-dynamic-list\"  ><div id=\"div_block-149-1473\" class=\"ct-div-block\" ><div id=\"div_block-167-1473\" class=\"ct-div-block restaurant-block\" ><div id=\"div_block-168-1473\" class=\"ct-div-block restaurant-background\" style=\"background-image:url(https:\/\/lesniczowkapodsniezka.pl\/wp-content\/uploads\/2021\/04\/spaghetti-with-meatballs-YKXML8V.jpg);background-size: cover;\" ><\/div><div id=\"div_block-169-1473\" class=\"ct-div-block restaurant-inner\" ><div id=\"div_block-170-1473\" class=\"ct-div-block inner-hidden\" ><div id=\"text_block-171-1473\" class=\"ct-text-block inner-title\" ><span id=\"span-172-1473\" class=\"ct-span\" >Coco Loco<\/span><\/div><div id=\"text_block-173-1473\" class=\"ct-text-block inner-text\" ><span id=\"span-174-1473\" class=\"ct-span\" >Italian<\/span><br><\/div><div id=\"text_block-175-1473\" class=\"ct-text-block inner-text\" ><span id=\"span-176-1473\" class=\"ct-span\" >W\u0142oska restauracja specjalizuj\u0105ca si\u0119 w pastach. Spr\u00f3buj r\u0119cznie robionych makaron\u00f3w.<\/span><br><\/div><div id=\"div_block-177-1473\" class=\"ct-div-block\" ><div id=\"fancy_icon-178-1473\" class=\"ct-fancy-icon\" ><svg id=\"svg-fancy_icon-178-1473\"><use xlink:href=\"#FontAwesomeicon-location-arrow\"><\/use><\/svg><\/div><a id=\"text_block-179-1473\" class=\"ct-link-text\" href=\"https:\/\/lesniczowkapodsniezka.pl\/de\/gastronomia\/\" target=\"_self\"  ><span id=\"span-180-1473\" class=\"ct-span\" >ul Restauracyjna 21<\/span><\/a><\/div><\/div><\/div><\/div><\/div><\/div><\/div><div class=\"oxy-carousel-builder_icon oxy-carousel-builder_prev\"><svg id=\"prev-carousel-builder-165-1473\"><use xlink:href=\"#FontAwesomeicon-chevron-left\"><\/use><\/svg><\/span><\/div><div class=\"oxy-carousel-builder_icon oxy-carousel-builder_next\"><svg id=\"next-carousel-builder-165-1473\"><use xlink:href=\"#FontAwesomeicon-chevron-right\"><\/use><\/svg><\/span><\/div><\/div>\n\n\t\t<\/div><\/div><\/section>","protected":false},"excerpt":{"rendered":"","protected":false},"author":1,"featured_media":0,"parent":0,"menu_order":0,"comment_status":"closed","ping_status":"closed","template":"","meta":[],"yoast_head":"<!-- This site is optimized with the Yoast SEO plugin v17.7.1 - https:\/\/yoast.com\/wordpress\/plugins\/seo\/ -->\n<title>Posi\u0142ki - Le\u015bnicz\u00f3wka pod \u015anie\u017ck\u0105<\/title>\n<meta name=\"robots\" content=\"index, follow, max-snippet:-1, max-image-preview:large, max-video-preview:-1\" \/>\n<link rel=\"canonical\" href=\"https:\/\/lesniczowkapodsniezka.pl\/de\/gastronomia\/\" \/>\n<meta property=\"og:locale\" content=\"de_DE\" \/>\n<meta property=\"og:type\" content=\"article\" \/>\n<meta property=\"og:title\" content=\"Posi\u0142ki - Le\u015bnicz\u00f3wka pod \u015anie\u017ck\u0105\" \/>\n<meta property=\"og:url\" content=\"https:\/\/lesniczowkapodsniezka.pl\/de\/gastronomia\/\" \/>\n<meta property=\"og:site_name\" content=\"Le\u015bnicz\u00f3wka pod \u015anie\u017ck\u0105\" \/>\n<meta property=\"article:modified_time\" content=\"2021-04-30T12:40:57+00:00\" \/>\n<meta name=\"twitter:card\" content=\"summary_large_image\" \/>\n<script type=\"application\/ld+json\" class=\"yoast-schema-graph\">{\"@context\":\"https:\/\/schema.org\",\"@graph\":[{\"@type\":\"WebSite\",\"@id\":\"https:\/\/lesniczowkapodsniezka.pl\/#website\",\"url\":\"https:\/\/lesniczowkapodsniezka.pl\/\",\"name\":\"Le\\u015bnicz\\u00f3wka pod \\u015anie\\u017ck\\u0105\",\"description\":\"Klimatyczne noclegi w Bukowcu w Le\\u015bnicz\\u00f3wce pod \\u015anie\\u017ck\\u0105\",\"potentialAction\":[{\"@type\":\"SearchAction\",\"target\":{\"@type\":\"EntryPoint\",\"urlTemplate\":\"https:\/\/lesniczowkapodsniezka.pl\/?s={search_term_string}\"},\"query-input\":\"required name=search_term_string\"}],\"inLanguage\":\"de\"},{\"@type\":\"WebPage\",\"@id\":\"https:\/\/lesniczowkapodsniezka.pl\/gastronomia#webpage\",\"url\":\"https:\/\/lesniczowkapodsniezka.pl\/gastronomia\",\"name\":\"Posi\\u0142ki - Le\\u015bnicz\\u00f3wka pod \\u015anie\\u017ck\\u0105\",\"isPartOf\":{\"@id\":\"https:\/\/lesniczowkapodsniezka.pl\/#website\"},\"datePublished\":\"2021-04-30T12:36:14+00:00\",\"dateModified\":\"2021-04-30T12:40:57+00:00\",\"breadcrumb\":{\"@id\":\"https:\/\/lesniczowkapodsniezka.pl\/gastronomia#breadcrumb\"},\"inLanguage\":\"de\",\"potentialAction\":[{\"@type\":\"ReadAction\",\"target\":[\"https:\/\/lesniczowkapodsniezka.pl\/gastronomia\"]}]},{\"@type\":\"BreadcrumbList\",\"@id\":\"https:\/\/lesniczowkapodsniezka.pl\/gastronomia#breadcrumb\",\"itemListElement\":[{\"@type\":\"ListItem\",\"position\":1,\"name\":\"Strona g\\u0142\\u00f3wna\",\"item\":\"https:\/\/lesniczowkapodsniezka.pl\/\"},{\"@type\":\"ListItem\",\"position\":2,\"name\":\"Posi\\u0142ki\"}]}]}<\/script>\n<!-- \/ Yoast SEO plugin. -->","yoast_head_json":{"title":"Posi\u0142ki - Le\u015bnicz\u00f3wka pod \u015anie\u017ck\u0105","robots":{"index":"index","follow":"follow","max-snippet":"max-snippet:-1","max-image-preview":"max-image-preview:large","max-video-preview":"max-video-preview:-1"},"canonical":"https:\/\/lesniczowkapodsniezka.pl\/de\/gastronomia\/","og_locale":"de_DE","og_type":"article","og_title":"Posi\u0142ki - Le\u015bnicz\u00f3wka pod \u015anie\u017ck\u0105","og_url":"https:\/\/lesniczowkapodsniezka.pl\/de\/gastronomia\/","og_site_name":"Le\u015bnicz\u00f3wka pod \u015anie\u017ck\u0105","article_modified_time":"2021-04-30T12:40:57+00:00","twitter_card":"summary_large_image","schema":{"@context":"https:\/\/schema.org","@graph":[{"@type":"WebSite","@id":"https:\/\/lesniczowkapodsniezka.pl\/#website","url":"https:\/\/lesniczowkapodsniezka.pl\/","name":"Le\u015bnicz\u00f3wka pod \u015anie\u017ck\u0105","description":"Klimatyczne noclegi w Bukowcu w Le\u015bnicz\u00f3wce pod \u015anie\u017ck\u0105","potentialAction":[{"@type":"SearchAction","target":{"@type":"EntryPoint","urlTemplate":"https:\/\/lesniczowkapodsniezka.pl\/?s={search_term_string}"},"query-input":"required name=search_term_string"}],"inLanguage":"de"},{"@type":"WebPage","@id":"https:\/\/lesniczowkapodsniezka.pl\/gastronomia#webpage","url":"https:\/\/lesniczowkapodsniezka.pl\/gastronomia","name":"Posi\u0142ki - Le\u015bnicz\u00f3wka pod \u015anie\u017ck\u0105","isPartOf":{"@id":"https:\/\/lesniczowkapodsniezka.pl\/#website"},"datePublished":"2021-04-30T12:36:14+00:00","dateModified":"2021-04-30T12:40:57+00:00","breadcrumb":{"@id":"https:\/\/lesniczowkapodsniezka.pl\/gastronomia#breadcrumb"},"inLanguage":"de","potentialAction":[{"@type":"ReadAction","target":["https:\/\/lesniczowkapodsniezka.pl\/gastronomia"]}]},{"@type":"BreadcrumbList","@id":"https:\/\/lesniczowkapodsniezka.pl\/gastronomia#breadcrumb","itemListElement":[{"@type":"ListItem","position":1,"name":"Strona g\u0142\u00f3wna","item":"https:\/\/lesniczowkapodsniezka.pl\/"},{"@type":"ListItem","position":2,"name":"Posi\u0142ki"}]}]}},"_links":{"self":[{"href":"https:\/\/lesniczowkapodsniezka.pl\/de\/wp-json\/wp\/v2\/pages\/1596"}],"collection":[{"href":"https:\/\/lesniczowkapodsniezka.pl\/de\/wp-json\/wp\/v2\/pages"}],"about":[{"href":"https:\/\/lesniczowkapodsniezka.pl\/de\/wp-json\/wp\/v2\/types\/page"}],"author":[{"embeddable":true,"href":"https:\/\/lesniczowkapodsniezka.pl\/de\/wp-json\/wp\/v2\/users\/1"}],"replies":[{"embeddable":true,"href":"https:\/\/lesniczowkapodsniezka.pl\/de\/wp-json\/wp\/v2\/comments?post=1596"}],"version-history":[{"count":5,"href":"https:\/\/lesniczowkapodsniezka.pl\/de\/wp-json\/wp\/v2\/pages\/1596\/revisions"}],"predecessor-version":[{"id":1601,"href":"https:\/\/lesniczowkapodsniezka.pl\/de\/wp-json\/wp\/v2\/pages\/1596\/revisions\/1601"}],"wp:attachment":[{"href":"https:\/\/lesniczowkapodsniezka.pl\/de\/wp-json\/wp\/v2\/media?parent=1596"}],"curies":[{"name":"wp","href":"https:\/\/api.w.org\/{rel}","templated":true}]}}