{"id":540,"date":"2020-09-10T10:56:51","date_gmt":"2020-09-10T08:56:51","guid":{"rendered":"https:\/\/lesniczowkapodsniezka.pl\/?page_id=540"},"modified":"2021-05-11T15:10:08","modified_gmt":"2021-05-11T13:10:08","slug":"galeria","status":"publish","type":"page","link":"https:\/\/lesniczowkapodsniezka.pl\/de\/galeria","title":{"rendered":"Galeria"},"content":{"rendered":"<section id=\"section-180-540\" class=\"ct-section\" ><div class=\"ct-section-inner-wrap\"><div id=\"text_block-217-540\" class=\"ct-text-block\" >GALERIA<\/div><div id=\"text_block-66-540\" class=\"ct-text-block title\" >Zobacz zdj\u0119cia<\/div><div id=\"text_block-67-540\" class=\"ct-text-block txt\" >Jeste\u015bmy zwolennikami stwierdzenia, \u017ce \u017cadne s\u0142owa nie oddadz\u0105 prawdziwego wygl\u0105du naszego obiektu, dlatego zach\u0119camy naszych Go\u015bci do obejrzenia galerii zdj\u0119\u0107.<\/div><div id=\"_tabs-181-540\" class=\"oxy-tabs-wrapper oxy-tabs\" data-oxy-tabs-active-tab-class='tabs-9180-tab-active' data-oxy-tabs-contents-wrapper='_tabs_contents-202-540' ><div id=\"_tab-182-540\" class=\"oxy-tab tabs-9180-tab tabs-9180-tab-active\" ><div id=\"text_block-183-540\" class=\"ct-text-block\" >Wszystkie<\/div><\/div><\/div><div id=\"_tabs_contents-202-540\" class=\"oxy-tabs-contents-wrapper oxy-tabs-contents\" ><div id=\"_tab_content-203-540\" class=\"oxy-tab-content tabs-contents-9180-tab\" ><div id=\"code_block-204-540\" class=\"ct-code-block\" ><div id=\"gallery-all\" class=\"oxy-gallery gallery-container oxy-gallery-captions oxy-gallery-flex\"><\/div><\/div><\/div><\/div><\/div><\/section>","protected":false},"excerpt":{"rendered":"","protected":false},"author":1,"featured_media":0,"parent":0,"menu_order":0,"comment_status":"closed","ping_status":"closed","template":"","meta":[],"yoast_head":"<!-- This site is optimized with the Yoast SEO plugin v17.7.1 - https:\/\/yoast.com\/wordpress\/plugins\/seo\/ -->\n<title>Galeria - Le\u015bnicz\u00f3wka pod \u015anie\u017ck\u0105<\/title>\n<meta name=\"robots\" content=\"index, follow, max-snippet:-1, max-image-preview:large, max-video-preview:-1\" \/>\n<link rel=\"canonical\" href=\"https:\/\/lesniczowkapodsniezka.pl\/de\/galeria\/\" \/>\n<meta property=\"og:locale\" content=\"de_DE\" \/>\n<meta property=\"og:type\" content=\"article\" \/>\n<meta property=\"og:title\" content=\"Galeria - Le\u015bnicz\u00f3wka pod \u015anie\u017ck\u0105\" \/>\n<meta property=\"og:url\" content=\"https:\/\/lesniczowkapodsniezka.pl\/de\/galeria\/\" \/>\n<meta property=\"og:site_name\" content=\"Le\u015bnicz\u00f3wka pod \u015anie\u017ck\u0105\" \/>\n<meta property=\"article:modified_time\" content=\"2021-05-11T13:10:08+00:00\" \/>\n<meta name=\"twitter:card\" content=\"summary_large_image\" \/>\n<script type=\"application\/ld+json\" class=\"yoast-schema-graph\">{\"@context\":\"https:\/\/schema.org\",\"@graph\":[{\"@type\":\"WebSite\",\"@id\":\"https:\/\/lesniczowkapodsniezka.pl\/#website\",\"url\":\"https:\/\/lesniczowkapodsniezka.pl\/\",\"name\":\"Le\\u015bnicz\\u00f3wka pod \\u015anie\\u017ck\\u0105\",\"description\":\"Klimatyczne noclegi w Bukowcu w Le\\u015bnicz\\u00f3wce pod \\u015anie\\u017ck\\u0105\",\"potentialAction\":[{\"@type\":\"SearchAction\",\"target\":{\"@type\":\"EntryPoint\",\"urlTemplate\":\"https:\/\/lesniczowkapodsniezka.pl\/?s={search_term_string}\"},\"query-input\":\"required name=search_term_string\"}],\"inLanguage\":\"de\"},{\"@type\":\"WebPage\",\"@id\":\"https:\/\/lesniczowkapodsniezka.pl\/galeria#webpage\",\"url\":\"https:\/\/lesniczowkapodsniezka.pl\/galeria\",\"name\":\"Galeria - Le\\u015bnicz\\u00f3wka pod \\u015anie\\u017ck\\u0105\",\"isPartOf\":{\"@id\":\"https:\/\/lesniczowkapodsniezka.pl\/#website\"},\"datePublished\":\"2020-09-10T08:56:51+00:00\",\"dateModified\":\"2021-05-11T13:10:08+00:00\",\"breadcrumb\":{\"@id\":\"https:\/\/lesniczowkapodsniezka.pl\/galeria#breadcrumb\"},\"inLanguage\":\"de\",\"potentialAction\":[{\"@type\":\"ReadAction\",\"target\":[\"https:\/\/lesniczowkapodsniezka.pl\/galeria\"]}]},{\"@type\":\"BreadcrumbList\",\"@id\":\"https:\/\/lesniczowkapodsniezka.pl\/galeria#breadcrumb\",\"itemListElement\":[{\"@type\":\"ListItem\",\"position\":1,\"name\":\"Strona g\\u0142\\u00f3wna\",\"item\":\"https:\/\/lesniczowkapodsniezka.pl\/\"},{\"@type\":\"ListItem\",\"position\":2,\"name\":\"Galeria\"}]}]}<\/script>\n<!-- \/ Yoast SEO plugin. -->","yoast_head_json":{"title":"Galeria - Le\u015bnicz\u00f3wka pod \u015anie\u017ck\u0105","robots":{"index":"index","follow":"follow","max-snippet":"max-snippet:-1","max-image-preview":"max-image-preview:large","max-video-preview":"max-video-preview:-1"},"canonical":"https:\/\/lesniczowkapodsniezka.pl\/de\/galeria\/","og_locale":"de_DE","og_type":"article","og_title":"Galeria - Le\u015bnicz\u00f3wka pod \u015anie\u017ck\u0105","og_url":"https:\/\/lesniczowkapodsniezka.pl\/de\/galeria\/","og_site_name":"Le\u015bnicz\u00f3wka pod \u015anie\u017ck\u0105","article_modified_time":"2021-05-11T13:10:08+00:00","twitter_card":"summary_large_image","schema":{"@context":"https:\/\/schema.org","@graph":[{"@type":"WebSite","@id":"https:\/\/lesniczowkapodsniezka.pl\/#website","url":"https:\/\/lesniczowkapodsniezka.pl\/","name":"Le\u015bnicz\u00f3wka pod \u015anie\u017ck\u0105","description":"Klimatyczne noclegi w Bukowcu w Le\u015bnicz\u00f3wce pod \u015anie\u017ck\u0105","potentialAction":[{"@type":"SearchAction","target":{"@type":"EntryPoint","urlTemplate":"https:\/\/lesniczowkapodsniezka.pl\/?s={search_term_string}"},"query-input":"required name=search_term_string"}],"inLanguage":"de"},{"@type":"WebPage","@id":"https:\/\/lesniczowkapodsniezka.pl\/galeria#webpage","url":"https:\/\/lesniczowkapodsniezka.pl\/galeria","name":"Galeria - Le\u015bnicz\u00f3wka pod \u015anie\u017ck\u0105","isPartOf":{"@id":"https:\/\/lesniczowkapodsniezka.pl\/#website"},"datePublished":"2020-09-10T08:56:51+00:00","dateModified":"2021-05-11T13:10:08+00:00","breadcrumb":{"@id":"https:\/\/lesniczowkapodsniezka.pl\/galeria#breadcrumb"},"inLanguage":"de","potentialAction":[{"@type":"ReadAction","target":["https:\/\/lesniczowkapodsniezka.pl\/galeria"]}]},{"@type":"BreadcrumbList","@id":"https:\/\/lesniczowkapodsniezka.pl\/galeria#breadcrumb","itemListElement":[{"@type":"ListItem","position":1,"name":"Strona g\u0142\u00f3wna","item":"https:\/\/lesniczowkapodsniezka.pl\/"},{"@type":"ListItem","position":2,"name":"Galeria"}]}]}},"_links":{"self":[{"href":"https:\/\/lesniczowkapodsniezka.pl\/de\/wp-json\/wp\/v2\/pages\/540"}],"collection":[{"href":"https:\/\/lesniczowkapodsniezka.pl\/de\/wp-json\/wp\/v2\/pages"}],"about":[{"href":"https:\/\/lesniczowkapodsniezka.pl\/de\/wp-json\/wp\/v2\/types\/page"}],"author":[{"embeddable":true,"href":"https:\/\/lesniczowkapodsniezka.pl\/de\/wp-json\/wp\/v2\/users\/1"}],"replies":[{"embeddable":true,"href":"https:\/\/lesniczowkapodsniezka.pl\/de\/wp-json\/wp\/v2\/comments?post=540"}],"version-history":[{"count":21,"href":"https:\/\/lesniczowkapodsniezka.pl\/de\/wp-json\/wp\/v2\/pages\/540\/revisions"}],"predecessor-version":[{"id":1624,"href":"https:\/\/lesniczowkapodsniezka.pl\/de\/wp-json\/wp\/v2\/pages\/540\/revisions\/1624"}],"wp:attachment":[{"href":"https:\/\/lesniczowkapodsniezka.pl\/de\/wp-json\/wp\/v2\/media?parent=540"}],"curies":[{"name":"wp","href":"https:\/\/api.w.org\/{rel}","templated":true}]}}