{"id":586,"date":"2020-12-09T11:53:16","date_gmt":"2020-12-09T10:53:16","guid":{"rendered":"https:\/\/lesniczowkapodsniezka.pl\/?page_id=586"},"modified":"2021-04-29T09:15:05","modified_gmt":"2021-04-29T07:15:05","slug":"pokoje","status":"publish","type":"page","link":"https:\/\/lesniczowkapodsniezka.pl\/de\/pokoje","title":{"rendered":"Pokoje"},"content":{"rendered":"<section id=\"section-285-586\" class=\"ct-section\" ><div class=\"ct-section-inner-wrap\"><div id=\"div_block-292-586\" class=\"ct-div-block\" ><div id=\"div_block-298-586\" class=\"ct-div-block\" ><div id=\"text_block-293-586\" class=\"ct-text-block\" >Nasze pokoje<\/div><div id=\"text_block-294-586\" class=\"ct-text-block title\" >Wybierz ofert\u0119 odpowiedni\u0105 dla siebie<\/div><div id=\"text_block-297-586\" class=\"ct-text-block txt\" >Le\u015bnicz\u00f3wka pod \u015anie\u017ck\u0105 oferuje pokoje, kt\u00f3re spe\u0142ni\u0105 oczekiwania Go\u015bci. Dysponujemy pokojami, kt\u00f3re pomieszcz\u0105 od dw\u00f3ch do pi\u0119ciu os\u00f3b.<\/div><\/div><div id=\"_dynamic_list-299-586\"  class=\"oxy-dynamic-list\"  ><div id=\"div_block-300-586\" class=\"ct-div-block\" ><div id=\"div_block-91-384\" class=\"ct-div-block cell nf-room-wrapper\"  v-for=\"room in roomDescriptions\"><a id=\"link-19-384\" class=\"ct-link nf-room-description\" href=\"https:\/\/lesniczowkapodsniezka.pl\/de\/lesniczowka_pokoje\/pokoj-3-osobowy\" target=\"_self\"  ><div id=\"div_block-95-384\" class=\"ct-div-block\" ><img id=\"image-20-384\" alt=\"\" src=\"https:\/\/lesniczowkapodsniezka.pl\/wp-content\/uploads\/2021\/04\/46-1024x576.jpg\" class=\"ct-image cover-image\"\/><div id=\"div_block-96-384\" class=\"ct-div-block\" ><\/div><div id=\"div_block-97-384\" class=\"ct-div-block\" ><\/div><\/div><div id=\"div_block-21-384\" class=\"ct-div-block\" ><div id=\"text_block-22-384\" class=\"ct-text-block nf-room-name\" ><span id=\"span-120-604\" class=\"ct-span\" >Pok\u00f3j 3-osobowy<\/span><br><\/div><div id=\"div_block-26-384\" class=\"ct-div-block\" ><\/div><div id=\"div_block-98-604\" class=\"ct-div-block\" ><div id=\"div_block-99-604\" class=\"ct-div-block tooltip-container\"  v-if=\"room.equipmentsById&lt;28&gt;\"><div id=\"fancy_icon-100-604\" class=\"ct-fancy-icon pointer-none\" ><svg id=\"svg-fancy_icon-100-604\"><use xlink:href=\"#FontAwesomeicon-group\"><\/use><\/svg><\/div><div id=\"text_block-101-604\" class=\"ct-text-block\" ><span id=\"span-122-604\" class=\"ct-span\" >3<\/span><\/div><div id=\"text_block-123-604\" class=\"ct-text-block tooltip\"  data-tooltip=\"Ilo\u015b\u0107 os\u00f3b\"><\/div><\/div><div id=\"div_block-107-604\" class=\"ct-div-block tooltip-container\" ><div id=\"fancy_icon-108-604\" class=\"ct-fancy-icon pointer-none\" ><svg id=\"svg-fancy_icon-108-604\"><use xlink:href=\"#Hotelicon-Double-Bed\"><\/use><\/svg><\/div><div id=\"text_block-109-604\" class=\"ct-text-block tooltip\"  data-tooltip=\"\u0141\u00f3\u017cko ma\u0142\u017ce\u0144skie\"><\/div><\/div><div id=\"div_block-110-604\" class=\"ct-div-block tooltip-container\" ><div id=\"fancy_icon-111-604\" class=\"ct-fancy-icon pointer-none\" ><svg id=\"svg-fancy_icon-111-604\"><use xlink:href=\"#Hotelicon-Single-Bed\"><\/use><\/svg><\/div><div id=\"text_block-112-604\" class=\"ct-text-block tooltip\"  data-tooltip=\"\u0141\u00f3\u017cko pojedyncze\"><\/div><\/div><div id=\"div_block-124-604\" class=\"ct-div-block tooltip-container\" ><div id=\"fancy_icon-125-604\" class=\"ct-fancy-icon pointer-none\" ><svg id=\"svg-fancy_icon-125-604\"><use xlink:href=\"#FontAwesomeicon-tree\"><\/use><\/svg><\/div><div id=\"text_block-126-604\" class=\"ct-text-block tooltip\"  data-tooltip=\"Widok na ogr\u00f3d\"><\/div><\/div><\/div><\/div><\/a><\/div><\/div><div id=\"div_block-300-586\" class=\"ct-div-block\" ><div id=\"div_block-91-384\" class=\"ct-div-block cell nf-room-wrapper\"  v-for=\"room in roomDescriptions\"><a id=\"link-19-384\" class=\"ct-link nf-room-description\" href=\"https:\/\/lesniczowkapodsniezka.pl\/de\/lesniczowka_pokoje\/pokoj-4-osobowy\" target=\"_self\"  ><div id=\"div_block-95-384\" class=\"ct-div-block\" ><img id=\"image-20-384\" alt=\"\" src=\"https:\/\/lesniczowkapodsniezka.pl\/wp-content\/uploads\/2021\/04\/33-1024x576.jpg\" class=\"ct-image cover-image\"\/><div id=\"div_block-96-384\" class=\"ct-div-block\" ><\/div><div id=\"div_block-97-384\" class=\"ct-div-block\" ><\/div><\/div><div id=\"div_block-21-384\" class=\"ct-div-block\" ><div id=\"text_block-22-384\" class=\"ct-text-block nf-room-name\" ><span id=\"span-120-604\" class=\"ct-span\" >Pok\u00f3j 4-osobowy<\/span><br><\/div><div id=\"div_block-26-384\" class=\"ct-div-block\" ><\/div><div id=\"div_block-98-604\" class=\"ct-div-block\" ><div id=\"div_block-99-604\" class=\"ct-div-block tooltip-container\"  v-if=\"room.equipmentsById&lt;28&gt;\"><div id=\"fancy_icon-100-604\" class=\"ct-fancy-icon pointer-none\" ><svg id=\"svg-fancy_icon-100-604\"><use xlink:href=\"#FontAwesomeicon-group\"><\/use><\/svg><\/div><div id=\"text_block-101-604\" class=\"ct-text-block\" ><span id=\"span-122-604\" class=\"ct-span\" >4<\/span><\/div><div id=\"text_block-123-604\" class=\"ct-text-block tooltip\"  data-tooltip=\"Ilo\u015b\u0107 os\u00f3b\"><\/div><\/div><div id=\"div_block-107-604\" class=\"ct-div-block tooltip-container\" ><div id=\"fancy_icon-108-604\" class=\"ct-fancy-icon pointer-none\" ><svg id=\"svg-fancy_icon-108-604\"><use xlink:href=\"#Hotelicon-Double-Bed\"><\/use><\/svg><\/div><div id=\"text_block-109-604\" class=\"ct-text-block tooltip\"  data-tooltip=\"\u0141\u00f3\u017cko ma\u0142\u017ce\u0144skie\"><\/div><\/div><div id=\"div_block-124-604\" class=\"ct-div-block tooltip-container\" ><div id=\"fancy_icon-125-604\" class=\"ct-fancy-icon pointer-none\" ><svg id=\"svg-fancy_icon-125-604\"><use xlink:href=\"#FontAwesomeicon-tree\"><\/use><\/svg><\/div><div id=\"text_block-126-604\" class=\"ct-text-block tooltip\"  data-tooltip=\"Widok na ogr\u00f3d\"><\/div><\/div><\/div><\/div><\/a><\/div><\/div><div id=\"div_block-300-586\" class=\"ct-div-block\" ><div id=\"div_block-91-384\" class=\"ct-div-block cell nf-room-wrapper\"  v-for=\"room in roomDescriptions\"><a id=\"link-19-384\" class=\"ct-link nf-room-description\" href=\"https:\/\/lesniczowkapodsniezka.pl\/de\/lesniczowka_pokoje\/pokoj-2-osobowy-2\" target=\"_self\"  ><div id=\"div_block-95-384\" class=\"ct-div-block\" ><img id=\"image-20-384\" alt=\"\" src=\"https:\/\/lesniczowkapodsniezka.pl\/wp-content\/uploads\/2021\/04\/26-1024x576.jpg\" class=\"ct-image cover-image\"\/><div id=\"div_block-96-384\" class=\"ct-div-block\" ><\/div><div id=\"div_block-97-384\" class=\"ct-div-block\" ><\/div><\/div><div id=\"div_block-21-384\" class=\"ct-div-block\" ><div id=\"text_block-22-384\" class=\"ct-text-block nf-room-name\" ><span id=\"span-120-604\" class=\"ct-span\" >Pok\u00f3j 2-osobowy<\/span><br><\/div><div id=\"div_block-26-384\" class=\"ct-div-block\" ><\/div><div id=\"div_block-98-604\" class=\"ct-div-block\" ><div id=\"div_block-99-604\" class=\"ct-div-block tooltip-container\"  v-if=\"room.equipmentsById&lt;28&gt;\"><div id=\"fancy_icon-100-604\" class=\"ct-fancy-icon pointer-none\" ><svg id=\"svg-fancy_icon-100-604\"><use xlink:href=\"#FontAwesomeicon-group\"><\/use><\/svg><\/div><div id=\"text_block-101-604\" class=\"ct-text-block\" ><span id=\"span-122-604\" class=\"ct-span\" >2<\/span><\/div><div id=\"text_block-123-604\" class=\"ct-text-block tooltip\"  data-tooltip=\"Ilo\u015b\u0107 os\u00f3b\"><\/div><\/div><div id=\"div_block-107-604\" class=\"ct-div-block tooltip-container\" ><div id=\"fancy_icon-108-604\" class=\"ct-fancy-icon pointer-none\" ><svg id=\"svg-fancy_icon-108-604\"><use xlink:href=\"#Hotelicon-Double-Bed\"><\/use><\/svg><\/div><div id=\"text_block-109-604\" class=\"ct-text-block tooltip\"  data-tooltip=\"\u0141\u00f3\u017cko ma\u0142\u017ce\u0144skie\"><\/div><\/div><div id=\"div_block-124-604\" class=\"ct-div-block tooltip-container\" ><div id=\"fancy_icon-125-604\" class=\"ct-fancy-icon pointer-none\" ><svg id=\"svg-fancy_icon-125-604\"><use xlink:href=\"#FontAwesomeicon-tree\"><\/use><\/svg><\/div><div id=\"text_block-126-604\" class=\"ct-text-block tooltip\"  data-tooltip=\"Widok na ogr\u00f3d\"><\/div><\/div><\/div><\/div><\/a><\/div><\/div><div id=\"div_block-300-586\" class=\"ct-div-block\" ><div id=\"div_block-91-384\" class=\"ct-div-block cell nf-room-wrapper\"  v-for=\"room in roomDescriptions\"><a id=\"link-19-384\" class=\"ct-link nf-room-description\" href=\"https:\/\/lesniczowkapodsniezka.pl\/de\/lesniczowka_pokoje\/pokoj-2-osobowy\" target=\"_self\"  ><div id=\"div_block-95-384\" class=\"ct-div-block\" ><img id=\"image-20-384\" alt=\"\" src=\"https:\/\/lesniczowkapodsniezka.pl\/wp-content\/uploads\/2021\/04\/39-1024x576.jpg\" class=\"ct-image cover-image\"\/><div id=\"div_block-96-384\" class=\"ct-div-block\" ><\/div><div id=\"div_block-97-384\" class=\"ct-div-block\" ><\/div><\/div><div id=\"div_block-21-384\" class=\"ct-div-block\" ><div id=\"text_block-22-384\" class=\"ct-text-block nf-room-name\" ><span id=\"span-120-604\" class=\"ct-span\" >Pok\u00f3j 2-osobowy<\/span><br><\/div><div id=\"div_block-26-384\" class=\"ct-div-block\" ><\/div><div id=\"div_block-98-604\" class=\"ct-div-block\" ><div id=\"div_block-99-604\" class=\"ct-div-block tooltip-container\"  v-if=\"room.equipmentsById&lt;28&gt;\"><div id=\"fancy_icon-100-604\" class=\"ct-fancy-icon pointer-none\" ><svg id=\"svg-fancy_icon-100-604\"><use xlink:href=\"#FontAwesomeicon-group\"><\/use><\/svg><\/div><div id=\"text_block-101-604\" class=\"ct-text-block\" ><span id=\"span-122-604\" class=\"ct-span\" >2<\/span><\/div><div id=\"text_block-123-604\" class=\"ct-text-block tooltip\"  data-tooltip=\"Ilo\u015b\u0107 os\u00f3b\"><\/div><\/div><div id=\"div_block-110-604\" class=\"ct-div-block tooltip-container\" ><div id=\"fancy_icon-111-604\" class=\"ct-fancy-icon pointer-none\" ><svg id=\"svg-fancy_icon-111-604\"><use xlink:href=\"#Hotelicon-Single-Bed\"><\/use><\/svg><\/div><div id=\"text_block-112-604\" class=\"ct-text-block tooltip\"  data-tooltip=\"\u0141\u00f3\u017cko pojedyncze\"><\/div><\/div><div id=\"div_block-124-604\" class=\"ct-div-block tooltip-container\" ><div id=\"fancy_icon-125-604\" class=\"ct-fancy-icon pointer-none\" ><svg id=\"svg-fancy_icon-125-604\"><use xlink:href=\"#FontAwesomeicon-tree\"><\/use><\/svg><\/div><div id=\"text_block-126-604\" class=\"ct-text-block tooltip\"  data-tooltip=\"Widok na ogr\u00f3d\"><\/div><\/div><\/div><\/div><\/a><\/div><\/div><div id=\"div_block-300-586\" class=\"ct-div-block\" ><div id=\"div_block-91-384\" class=\"ct-div-block cell nf-room-wrapper\"  v-for=\"room in roomDescriptions\"><a id=\"link-19-384\" class=\"ct-link nf-room-description\" href=\"https:\/\/lesniczowkapodsniezka.pl\/de\/lesniczowka_pokoje\/pokoj-5-osobowy\" target=\"_self\"  ><div id=\"div_block-95-384\" class=\"ct-div-block\" ><img id=\"image-20-384\" alt=\"\" src=\"https:\/\/lesniczowkapodsniezka.pl\/wp-content\/uploads\/2021\/04\/19-1024x576.jpg\" class=\"ct-image cover-image\"\/><div id=\"div_block-96-384\" class=\"ct-div-block\" ><\/div><div id=\"div_block-97-384\" class=\"ct-div-block\" ><\/div><\/div><div id=\"div_block-21-384\" class=\"ct-div-block\" ><div id=\"text_block-22-384\" class=\"ct-text-block nf-room-name\" ><span id=\"span-120-604\" class=\"ct-span\" >Pok\u00f3j 5-osobowy<\/span><br><\/div><div id=\"div_block-26-384\" class=\"ct-div-block\" ><\/div><div id=\"div_block-98-604\" class=\"ct-div-block\" ><div id=\"div_block-99-604\" class=\"ct-div-block tooltip-container\"  v-if=\"room.equipmentsById&lt;28&gt;\"><div id=\"fancy_icon-100-604\" class=\"ct-fancy-icon pointer-none\" ><svg id=\"svg-fancy_icon-100-604\"><use xlink:href=\"#FontAwesomeicon-group\"><\/use><\/svg><\/div><div id=\"text_block-101-604\" class=\"ct-text-block\" ><span id=\"span-122-604\" class=\"ct-span\" >5<\/span><\/div><div id=\"text_block-123-604\" class=\"ct-text-block tooltip\"  data-tooltip=\"Ilo\u015b\u0107 os\u00f3b\"><\/div><\/div><div id=\"div_block-107-604\" class=\"ct-div-block tooltip-container\" ><div id=\"fancy_icon-108-604\" class=\"ct-fancy-icon pointer-none\" ><svg id=\"svg-fancy_icon-108-604\"><use xlink:href=\"#Hotelicon-Double-Bed\"><\/use><\/svg><\/div><div id=\"text_block-109-604\" class=\"ct-text-block tooltip\"  data-tooltip=\"\u0141\u00f3\u017cko ma\u0142\u017ce\u0144skie\"><\/div><\/div><div id=\"div_block-110-604\" class=\"ct-div-block tooltip-container\" ><div id=\"fancy_icon-111-604\" class=\"ct-fancy-icon pointer-none\" ><svg id=\"svg-fancy_icon-111-604\"><use xlink:href=\"#Hotelicon-Single-Bed\"><\/use><\/svg><\/div><div id=\"text_block-112-604\" class=\"ct-text-block tooltip\"  data-tooltip=\"\u0141\u00f3\u017cko pojedyncze\"><\/div><\/div><div id=\"div_block-124-604\" class=\"ct-div-block tooltip-container\" ><div id=\"fancy_icon-125-604\" class=\"ct-fancy-icon pointer-none\" ><svg id=\"svg-fancy_icon-125-604\"><use xlink:href=\"#FontAwesomeicon-tree\"><\/use><\/svg><\/div><div id=\"text_block-126-604\" class=\"ct-text-block tooltip\"  data-tooltip=\"Widok na ogr\u00f3d\"><\/div><\/div><\/div><\/div><\/a><\/div><\/div>                    \n                                            \n                                        \n                    <\/div><\/div><\/div><\/section>","protected":false},"excerpt":{"rendered":"","protected":false},"author":1,"featured_media":0,"parent":0,"menu_order":0,"comment_status":"closed","ping_status":"closed","template":"","meta":[],"yoast_head":"<!-- This site is optimized with the Yoast SEO plugin v17.7.1 - https:\/\/yoast.com\/wordpress\/plugins\/seo\/ -->\n<title>Pokoje - Le\u015bnicz\u00f3wka pod \u015anie\u017ck\u0105<\/title>\n<meta name=\"robots\" content=\"index, follow, max-snippet:-1, max-image-preview:large, max-video-preview:-1\" \/>\n<link rel=\"canonical\" href=\"https:\/\/lesniczowkapodsniezka.pl\/de\/pokoje\/\" \/>\n<meta property=\"og:locale\" content=\"de_DE\" \/>\n<meta property=\"og:type\" content=\"article\" \/>\n<meta property=\"og:title\" content=\"Pokoje - Le\u015bnicz\u00f3wka pod \u015anie\u017ck\u0105\" \/>\n<meta property=\"og:url\" content=\"https:\/\/lesniczowkapodsniezka.pl\/de\/pokoje\/\" \/>\n<meta property=\"og:site_name\" content=\"Le\u015bnicz\u00f3wka pod \u015anie\u017ck\u0105\" \/>\n<meta property=\"article:modified_time\" content=\"2021-04-29T07:15:05+00:00\" \/>\n<meta name=\"twitter:card\" content=\"summary_large_image\" \/>\n<script type=\"application\/ld+json\" class=\"yoast-schema-graph\">{\"@context\":\"https:\/\/schema.org\",\"@graph\":[{\"@type\":\"WebSite\",\"@id\":\"https:\/\/lesniczowkapodsniezka.pl\/#website\",\"url\":\"https:\/\/lesniczowkapodsniezka.pl\/\",\"name\":\"Le\\u015bnicz\\u00f3wka pod \\u015anie\\u017ck\\u0105\",\"description\":\"Klimatyczne noclegi w Bukowcu w Le\\u015bnicz\\u00f3wce pod \\u015anie\\u017ck\\u0105\",\"potentialAction\":[{\"@type\":\"SearchAction\",\"target\":{\"@type\":\"EntryPoint\",\"urlTemplate\":\"https:\/\/lesniczowkapodsniezka.pl\/?s={search_term_string}\"},\"query-input\":\"required name=search_term_string\"}],\"inLanguage\":\"de\"},{\"@type\":\"WebPage\",\"@id\":\"https:\/\/lesniczowkapodsniezka.pl\/pokoje#webpage\",\"url\":\"https:\/\/lesniczowkapodsniezka.pl\/pokoje\",\"name\":\"Pokoje - Le\\u015bnicz\\u00f3wka pod \\u015anie\\u017ck\\u0105\",\"isPartOf\":{\"@id\":\"https:\/\/lesniczowkapodsniezka.pl\/#website\"},\"datePublished\":\"2020-12-09T10:53:16+00:00\",\"dateModified\":\"2021-04-29T07:15:05+00:00\",\"breadcrumb\":{\"@id\":\"https:\/\/lesniczowkapodsniezka.pl\/pokoje#breadcrumb\"},\"inLanguage\":\"de\",\"potentialAction\":[{\"@type\":\"ReadAction\",\"target\":[\"https:\/\/lesniczowkapodsniezka.pl\/pokoje\"]}]},{\"@type\":\"BreadcrumbList\",\"@id\":\"https:\/\/lesniczowkapodsniezka.pl\/pokoje#breadcrumb\",\"itemListElement\":[{\"@type\":\"ListItem\",\"position\":1,\"name\":\"Strona g\\u0142\\u00f3wna\",\"item\":\"https:\/\/lesniczowkapodsniezka.pl\/\"},{\"@type\":\"ListItem\",\"position\":2,\"name\":\"Pokoje\"}]}]}<\/script>\n<!-- \/ Yoast SEO plugin. -->","yoast_head_json":{"title":"Pokoje - Le\u015bnicz\u00f3wka pod \u015anie\u017ck\u0105","robots":{"index":"index","follow":"follow","max-snippet":"max-snippet:-1","max-image-preview":"max-image-preview:large","max-video-preview":"max-video-preview:-1"},"canonical":"https:\/\/lesniczowkapodsniezka.pl\/de\/pokoje\/","og_locale":"de_DE","og_type":"article","og_title":"Pokoje - Le\u015bnicz\u00f3wka pod \u015anie\u017ck\u0105","og_url":"https:\/\/lesniczowkapodsniezka.pl\/de\/pokoje\/","og_site_name":"Le\u015bnicz\u00f3wka pod \u015anie\u017ck\u0105","article_modified_time":"2021-04-29T07:15:05+00:00","twitter_card":"summary_large_image","schema":{"@context":"https:\/\/schema.org","@graph":[{"@type":"WebSite","@id":"https:\/\/lesniczowkapodsniezka.pl\/#website","url":"https:\/\/lesniczowkapodsniezka.pl\/","name":"Le\u015bnicz\u00f3wka pod \u015anie\u017ck\u0105","description":"Klimatyczne noclegi w Bukowcu w Le\u015bnicz\u00f3wce pod \u015anie\u017ck\u0105","potentialAction":[{"@type":"SearchAction","target":{"@type":"EntryPoint","urlTemplate":"https:\/\/lesniczowkapodsniezka.pl\/?s={search_term_string}"},"query-input":"required name=search_term_string"}],"inLanguage":"de"},{"@type":"WebPage","@id":"https:\/\/lesniczowkapodsniezka.pl\/pokoje#webpage","url":"https:\/\/lesniczowkapodsniezka.pl\/pokoje","name":"Pokoje - Le\u015bnicz\u00f3wka pod \u015anie\u017ck\u0105","isPartOf":{"@id":"https:\/\/lesniczowkapodsniezka.pl\/#website"},"datePublished":"2020-12-09T10:53:16+00:00","dateModified":"2021-04-29T07:15:05+00:00","breadcrumb":{"@id":"https:\/\/lesniczowkapodsniezka.pl\/pokoje#breadcrumb"},"inLanguage":"de","potentialAction":[{"@type":"ReadAction","target":["https:\/\/lesniczowkapodsniezka.pl\/pokoje"]}]},{"@type":"BreadcrumbList","@id":"https:\/\/lesniczowkapodsniezka.pl\/pokoje#breadcrumb","itemListElement":[{"@type":"ListItem","position":1,"name":"Strona g\u0142\u00f3wna","item":"https:\/\/lesniczowkapodsniezka.pl\/"},{"@type":"ListItem","position":2,"name":"Pokoje"}]}]}},"_links":{"self":[{"href":"https:\/\/lesniczowkapodsniezka.pl\/de\/wp-json\/wp\/v2\/pages\/586"}],"collection":[{"href":"https:\/\/lesniczowkapodsniezka.pl\/de\/wp-json\/wp\/v2\/pages"}],"about":[{"href":"https:\/\/lesniczowkapodsniezka.pl\/de\/wp-json\/wp\/v2\/types\/page"}],"author":[{"embeddable":true,"href":"https:\/\/lesniczowkapodsniezka.pl\/de\/wp-json\/wp\/v2\/users\/1"}],"replies":[{"embeddable":true,"href":"https:\/\/lesniczowkapodsniezka.pl\/de\/wp-json\/wp\/v2\/comments?post=586"}],"version-history":[{"count":7,"href":"https:\/\/lesniczowkapodsniezka.pl\/de\/wp-json\/wp\/v2\/pages\/586\/revisions"}],"predecessor-version":[{"id":1536,"href":"https:\/\/lesniczowkapodsniezka.pl\/de\/wp-json\/wp\/v2\/pages\/586\/revisions\/1536"}],"wp:attachment":[{"href":"https:\/\/lesniczowkapodsniezka.pl\/de\/wp-json\/wp\/v2\/media?parent=586"}],"curies":[{"name":"wp","href":"https:\/\/api.w.org\/{rel}","templated":true}]}}