{"id":588,"date":"2020-12-09T11:53:38","date_gmt":"2020-12-09T10:53:38","guid":{"rendered":"https:\/\/lesniczowkapodsniezka.pl\/?page_id=588"},"modified":"2021-02-15T10:19:01","modified_gmt":"2021-02-15T09:19:01","slug":"kontakt","status":"publish","type":"page","link":"https:\/\/lesniczowkapodsniezka.pl\/de\/kontakt","title":{"rendered":"Kontakt"},"content":{"rendered":"","protected":false},"excerpt":{"rendered":"","protected":false},"author":1,"featured_media":0,"parent":0,"menu_order":0,"comment_status":"closed","ping_status":"closed","template":"","meta":[],"yoast_head":"<!-- This site is optimized with the Yoast SEO plugin v17.7.1 - https:\/\/yoast.com\/wordpress\/plugins\/seo\/ -->\n<title>Kontakt - Le\u015bnicz\u00f3wka pod \u015anie\u017ck\u0105<\/title>\n<meta name=\"robots\" content=\"index, follow, max-snippet:-1, max-image-preview:large, max-video-preview:-1\" \/>\n<link rel=\"canonical\" href=\"https:\/\/lesniczowkapodsniezka.pl\/de\/kontakt\/\" \/>\n<meta property=\"og:locale\" content=\"de_DE\" \/>\n<meta property=\"og:type\" content=\"article\" \/>\n<meta property=\"og:title\" content=\"Kontakt - Le\u015bnicz\u00f3wka pod \u015anie\u017ck\u0105\" \/>\n<meta property=\"og:url\" content=\"https:\/\/lesniczowkapodsniezka.pl\/de\/kontakt\/\" \/>\n<meta property=\"og:site_name\" content=\"Le\u015bnicz\u00f3wka pod \u015anie\u017ck\u0105\" \/>\n<meta property=\"article:modified_time\" content=\"2021-02-15T09:19:01+00:00\" \/>\n<meta name=\"twitter:card\" content=\"summary_large_image\" \/>\n<script type=\"application\/ld+json\" class=\"yoast-schema-graph\">{\"@context\":\"https:\/\/schema.org\",\"@graph\":[{\"@type\":\"WebSite\",\"@id\":\"https:\/\/lesniczowkapodsniezka.pl\/#website\",\"url\":\"https:\/\/lesniczowkapodsniezka.pl\/\",\"name\":\"Le\\u015bnicz\\u00f3wka pod \\u015anie\\u017ck\\u0105\",\"description\":\"Klimatyczne noclegi w Bukowcu w Le\\u015bnicz\\u00f3wce pod \\u015anie\\u017ck\\u0105\",\"potentialAction\":[{\"@type\":\"SearchAction\",\"target\":{\"@type\":\"EntryPoint\",\"urlTemplate\":\"https:\/\/lesniczowkapodsniezka.pl\/?s={search_term_string}\"},\"query-input\":\"required name=search_term_string\"}],\"inLanguage\":\"de\"},{\"@type\":\"WebPage\",\"@id\":\"https:\/\/lesniczowkapodsniezka.pl\/kontakt#webpage\",\"url\":\"https:\/\/lesniczowkapodsniezka.pl\/kontakt\",\"name\":\"Kontakt - Le\\u015bnicz\\u00f3wka pod \\u015anie\\u017ck\\u0105\",\"isPartOf\":{\"@id\":\"https:\/\/lesniczowkapodsniezka.pl\/#website\"},\"datePublished\":\"2020-12-09T10:53:38+00:00\",\"dateModified\":\"2021-02-15T09:19:01+00:00\",\"breadcrumb\":{\"@id\":\"https:\/\/lesniczowkapodsniezka.pl\/kontakt#breadcrumb\"},\"inLanguage\":\"de\",\"potentialAction\":[{\"@type\":\"ReadAction\",\"target\":[\"https:\/\/lesniczowkapodsniezka.pl\/kontakt\"]}]},{\"@type\":\"BreadcrumbList\",\"@id\":\"https:\/\/lesniczowkapodsniezka.pl\/kontakt#breadcrumb\",\"itemListElement\":[{\"@type\":\"ListItem\",\"position\":1,\"name\":\"Strona g\\u0142\\u00f3wna\",\"item\":\"https:\/\/lesniczowkapodsniezka.pl\/\"},{\"@type\":\"ListItem\",\"position\":2,\"name\":\"Kontakt\"}]}]}<\/script>\n<!-- \/ Yoast SEO plugin. -->","yoast_head_json":{"title":"Kontakt - Le\u015bnicz\u00f3wka pod \u015anie\u017ck\u0105","robots":{"index":"index","follow":"follow","max-snippet":"max-snippet:-1","max-image-preview":"max-image-preview:large","max-video-preview":"max-video-preview:-1"},"canonical":"https:\/\/lesniczowkapodsniezka.pl\/de\/kontakt\/","og_locale":"de_DE","og_type":"article","og_title":"Kontakt - Le\u015bnicz\u00f3wka pod \u015anie\u017ck\u0105","og_url":"https:\/\/lesniczowkapodsniezka.pl\/de\/kontakt\/","og_site_name":"Le\u015bnicz\u00f3wka pod \u015anie\u017ck\u0105","article_modified_time":"2021-02-15T09:19:01+00:00","twitter_card":"summary_large_image","schema":{"@context":"https:\/\/schema.org","@graph":[{"@type":"WebSite","@id":"https:\/\/lesniczowkapodsniezka.pl\/#website","url":"https:\/\/lesniczowkapodsniezka.pl\/","name":"Le\u015bnicz\u00f3wka pod \u015anie\u017ck\u0105","description":"Klimatyczne noclegi w Bukowcu w Le\u015bnicz\u00f3wce pod \u015anie\u017ck\u0105","potentialAction":[{"@type":"SearchAction","target":{"@type":"EntryPoint","urlTemplate":"https:\/\/lesniczowkapodsniezka.pl\/?s={search_term_string}"},"query-input":"required name=search_term_string"}],"inLanguage":"de"},{"@type":"WebPage","@id":"https:\/\/lesniczowkapodsniezka.pl\/kontakt#webpage","url":"https:\/\/lesniczowkapodsniezka.pl\/kontakt","name":"Kontakt - Le\u015bnicz\u00f3wka pod \u015anie\u017ck\u0105","isPartOf":{"@id":"https:\/\/lesniczowkapodsniezka.pl\/#website"},"datePublished":"2020-12-09T10:53:38+00:00","dateModified":"2021-02-15T09:19:01+00:00","breadcrumb":{"@id":"https:\/\/lesniczowkapodsniezka.pl\/kontakt#breadcrumb"},"inLanguage":"de","potentialAction":[{"@type":"ReadAction","target":["https:\/\/lesniczowkapodsniezka.pl\/kontakt"]}]},{"@type":"BreadcrumbList","@id":"https:\/\/lesniczowkapodsniezka.pl\/kontakt#breadcrumb","itemListElement":[{"@type":"ListItem","position":1,"name":"Strona g\u0142\u00f3wna","item":"https:\/\/lesniczowkapodsniezka.pl\/"},{"@type":"ListItem","position":2,"name":"Kontakt"}]}]}},"_links":{"self":[{"href":"https:\/\/lesniczowkapodsniezka.pl\/de\/wp-json\/wp\/v2\/pages\/588"}],"collection":[{"href":"https:\/\/lesniczowkapodsniezka.pl\/de\/wp-json\/wp\/v2\/pages"}],"about":[{"href":"https:\/\/lesniczowkapodsniezka.pl\/de\/wp-json\/wp\/v2\/types\/page"}],"author":[{"embeddable":true,"href":"https:\/\/lesniczowkapodsniezka.pl\/de\/wp-json\/wp\/v2\/users\/1"}],"replies":[{"embeddable":true,"href":"https:\/\/lesniczowkapodsniezka.pl\/de\/wp-json\/wp\/v2\/comments?post=588"}],"version-history":[{"count":1,"href":"https:\/\/lesniczowkapodsniezka.pl\/de\/wp-json\/wp\/v2\/pages\/588\/revisions"}],"predecessor-version":[{"id":589,"href":"https:\/\/lesniczowkapodsniezka.pl\/de\/wp-json\/wp\/v2\/pages\/588\/revisions\/589"}],"wp:attachment":[{"href":"https:\/\/lesniczowkapodsniezka.pl\/de\/wp-json\/wp\/v2\/media?parent=588"}],"curies":[{"name":"wp","href":"https:\/\/api.w.org\/{rel}","templated":true}]}}