{"id":942,"date":"2021-01-29T13:39:17","date_gmt":"2021-01-29T12:39:17","guid":{"rendered":"https:\/\/lesniczowkapodsniezka.pl\/?page_id=942"},"modified":"2021-03-16T12:07:09","modified_gmt":"2021-03-16T11:07:09","slug":"polityka-prywatnosci","status":"publish","type":"page","link":"https:\/\/lesniczowkapodsniezka.pl\/de\/polityka-prywatnosci","title":{"rendered":"Polityka prywatno\u015bci"},"content":{"rendered":"<ol><li>Cookies, inaczej \u201eciasteczka\u201d to niewielkie pliki tekstowe, wysy\u0142ane przez serwis internetowy i zapisywane na urz\u0105dzeniu U\u017cytkownika. Tworzone s\u0105 przez przegl\u0105dark\u0119 internetow\u0105 w momencie odwiedzenia danej strony. Mog\u0105 zosta\u0107 wykorzystane przy ponownej wizycie na stronie.<br>Pliki cookies nie s\u0142u\u017c\u0105 do identyfikacji u\u017cytkownik\u00f3w i na ich podstawie nie jest ustalana to\u017csamo\u015b\u0107 U\u017cytkownika.<\/li><li>Stosowane s\u0105 w celu:<ul><li>zapami\u0119tania preferencji dotycz\u0105cych strony<\/li><li>tworzenia anonimowe statystyki odwiedzin strony<\/li><li>tworzenia historii przegl\u0105danych stron.Pozwalaj\u0105 realnie oceni\u0107 zainteresowanie serwisem.<\/li><\/ul><\/li><li>Nasz serwis u\u017cywa plik\u00f3w cookie w celu tworzenia anonimowych statystyk odwiedzin serwisu.<br>Informacje zbierane s\u0105 przy pomocy skryptu Google Analytics.<br><br><strong>Nasz serwis nie gromadzi informacji s\u0142u\u017c\u0105cych do ustalenia to\u017csamo\u015bci U\u017cytkownika.<\/strong><br><\/li><li>Oprogramowanie s\u0142u\u017c\u0105ce do przegl\u0105dania stron internetowych domy\u015blnie przechowuje pliki cookies w urz\u0105dzeniu ko\u0144cowym u\u017cytkownika. U\u017cytkownicy przegl\u0105darki mog\u0105 zmieni\u0107 ustawienia dotycz\u0105ce plik\u00f3w cookie, tak aby automatycznie blokowa\u0107 obs\u0142ug\u0119 plik\u00f3w cookies.<br>Zmiana ustawie\u0144 mo\u017ce wp\u0142yn\u0105\u0107 na ograniczenie niekt\u00f3rych funkcjonalno\u015bci dost\u0119pnych na stronach serwisu.<br>Pliki cookies mo\u017cna r\u00f3wnie\u017c usun\u0105\u0107 z dysku komputera w dowolnej chwili.<\/li><\/ol>","protected":false},"excerpt":{"rendered":"<p>Cookies, inaczej \u201eciasteczka\u201d to niewielkie pliki tekstowe, wysy\u0142ane przez serwis internetowy i zapisywane na urz\u0105dzeniu U\u017cytkownika. Tworzone s\u0105 przez przegl\u0105dark\u0119 internetow\u0105 w momencie odwiedzenia danej strony. Mog\u0105 zosta\u0107 wykorzystane przy ponownej wizycie na stronie.Pliki cookies nie s\u0142u\u017c\u0105 do identyfikacji u\u017cytkownik\u00f3w i na ich podstawie nie jest ustalana to\u017csamo\u015b\u0107 U\u017cytkownika. Stosowane s\u0105 w celu: zapami\u0119tania preferencji [&hellip;]<\/p>","protected":false},"author":1,"featured_media":0,"parent":0,"menu_order":0,"comment_status":"closed","ping_status":"closed","template":"","meta":[],"yoast_head":"<!-- This site is optimized with the Yoast SEO plugin v17.7.1 - https:\/\/yoast.com\/wordpress\/plugins\/seo\/ -->\n<title>Polityka prywatno\u015bci - Le\u015bnicz\u00f3wka pod \u015anie\u017ck\u0105<\/title>\n<meta name=\"robots\" content=\"index, follow, max-snippet:-1, max-image-preview:large, max-video-preview:-1\" \/>\n<link rel=\"canonical\" href=\"https:\/\/lesniczowkapodsniezka.pl\/de\/polityka-prywatnosci\/\" \/>\n<meta property=\"og:locale\" content=\"de_DE\" \/>\n<meta property=\"og:type\" content=\"article\" \/>\n<meta property=\"og:title\" content=\"Polityka prywatno\u015bci - Le\u015bnicz\u00f3wka pod \u015anie\u017ck\u0105\" \/>\n<meta property=\"og:description\" content=\"Cookies, inaczej \u201eciasteczka\u201d to niewielkie pliki tekstowe, wysy\u0142ane przez serwis internetowy i zapisywane na urz\u0105dzeniu U\u017cytkownika. Tworzone s\u0105 przez przegl\u0105dark\u0119 internetow\u0105 w momencie odwiedzenia danej strony. Mog\u0105 zosta\u0107 wykorzystane przy ponownej wizycie na stronie.Pliki cookies nie s\u0142u\u017c\u0105 do identyfikacji u\u017cytkownik\u00f3w i na ich podstawie nie jest ustalana to\u017csamo\u015b\u0107 U\u017cytkownika. Stosowane s\u0105 w celu: zapami\u0119tania preferencji [&hellip;]\" \/>\n<meta property=\"og:url\" content=\"https:\/\/lesniczowkapodsniezka.pl\/de\/polityka-prywatnosci\/\" \/>\n<meta property=\"og:site_name\" content=\"Le\u015bnicz\u00f3wka pod \u015anie\u017ck\u0105\" \/>\n<meta property=\"article:modified_time\" content=\"2021-03-16T11:07:09+00:00\" \/>\n<meta name=\"twitter:card\" content=\"summary_large_image\" \/>\n<meta name=\"twitter:label1\" content=\"Gesch\u00e4tzte Lesezeit\" \/>\n\t<meta name=\"twitter:data1\" content=\"1\u00a0Minute\" \/>\n<script type=\"application\/ld+json\" class=\"yoast-schema-graph\">{\"@context\":\"https:\/\/schema.org\",\"@graph\":[{\"@type\":\"WebSite\",\"@id\":\"https:\/\/lesniczowkapodsniezka.pl\/#website\",\"url\":\"https:\/\/lesniczowkapodsniezka.pl\/\",\"name\":\"Le\\u015bnicz\\u00f3wka pod \\u015anie\\u017ck\\u0105\",\"description\":\"Klimatyczne noclegi w Bukowcu w Le\\u015bnicz\\u00f3wce pod \\u015anie\\u017ck\\u0105\",\"potentialAction\":[{\"@type\":\"SearchAction\",\"target\":{\"@type\":\"EntryPoint\",\"urlTemplate\":\"https:\/\/lesniczowkapodsniezka.pl\/?s={search_term_string}\"},\"query-input\":\"required name=search_term_string\"}],\"inLanguage\":\"de\"},{\"@type\":\"WebPage\",\"@id\":\"https:\/\/lesniczowkapodsniezka.pl\/polityka-prywatnosci#webpage\",\"url\":\"https:\/\/lesniczowkapodsniezka.pl\/polityka-prywatnosci\",\"name\":\"Polityka prywatno\\u015bci - Le\\u015bnicz\\u00f3wka pod \\u015anie\\u017ck\\u0105\",\"isPartOf\":{\"@id\":\"https:\/\/lesniczowkapodsniezka.pl\/#website\"},\"datePublished\":\"2021-01-29T12:39:17+00:00\",\"dateModified\":\"2021-03-16T11:07:09+00:00\",\"breadcrumb\":{\"@id\":\"https:\/\/lesniczowkapodsniezka.pl\/polityka-prywatnosci#breadcrumb\"},\"inLanguage\":\"de\",\"potentialAction\":[{\"@type\":\"ReadAction\",\"target\":[\"https:\/\/lesniczowkapodsniezka.pl\/polityka-prywatnosci\"]}]},{\"@type\":\"BreadcrumbList\",\"@id\":\"https:\/\/lesniczowkapodsniezka.pl\/polityka-prywatnosci#breadcrumb\",\"itemListElement\":[{\"@type\":\"ListItem\",\"position\":1,\"name\":\"Strona g\\u0142\\u00f3wna\",\"item\":\"https:\/\/lesniczowkapodsniezka.pl\/\"},{\"@type\":\"ListItem\",\"position\":2,\"name\":\"Polityka prywatno\\u015bci\"}]}]}<\/script>\n<!-- \/ Yoast SEO plugin. -->","yoast_head_json":{"title":"Polityka prywatno\u015bci - Le\u015bnicz\u00f3wka pod \u015anie\u017ck\u0105","robots":{"index":"index","follow":"follow","max-snippet":"max-snippet:-1","max-image-preview":"max-image-preview:large","max-video-preview":"max-video-preview:-1"},"canonical":"https:\/\/lesniczowkapodsniezka.pl\/de\/polityka-prywatnosci\/","og_locale":"de_DE","og_type":"article","og_title":"Polityka prywatno\u015bci - Le\u015bnicz\u00f3wka pod \u015anie\u017ck\u0105","og_description":"Cookies, inaczej \u201eciasteczka\u201d to niewielkie pliki tekstowe, wysy\u0142ane przez serwis internetowy i zapisywane na urz\u0105dzeniu U\u017cytkownika. Tworzone s\u0105 przez przegl\u0105dark\u0119 internetow\u0105 w momencie odwiedzenia danej strony. Mog\u0105 zosta\u0107 wykorzystane przy ponownej wizycie na stronie.Pliki cookies nie s\u0142u\u017c\u0105 do identyfikacji u\u017cytkownik\u00f3w i na ich podstawie nie jest ustalana to\u017csamo\u015b\u0107 U\u017cytkownika. Stosowane s\u0105 w celu: zapami\u0119tania preferencji [&hellip;]","og_url":"https:\/\/lesniczowkapodsniezka.pl\/de\/polityka-prywatnosci\/","og_site_name":"Le\u015bnicz\u00f3wka pod \u015anie\u017ck\u0105","article_modified_time":"2021-03-16T11:07:09+00:00","twitter_card":"summary_large_image","twitter_misc":{"Gesch\u00e4tzte Lesezeit":"1\u00a0Minute"},"schema":{"@context":"https:\/\/schema.org","@graph":[{"@type":"WebSite","@id":"https:\/\/lesniczowkapodsniezka.pl\/#website","url":"https:\/\/lesniczowkapodsniezka.pl\/","name":"Le\u015bnicz\u00f3wka pod \u015anie\u017ck\u0105","description":"Klimatyczne noclegi w Bukowcu w Le\u015bnicz\u00f3wce pod \u015anie\u017ck\u0105","potentialAction":[{"@type":"SearchAction","target":{"@type":"EntryPoint","urlTemplate":"https:\/\/lesniczowkapodsniezka.pl\/?s={search_term_string}"},"query-input":"required name=search_term_string"}],"inLanguage":"de"},{"@type":"WebPage","@id":"https:\/\/lesniczowkapodsniezka.pl\/polityka-prywatnosci#webpage","url":"https:\/\/lesniczowkapodsniezka.pl\/polityka-prywatnosci","name":"Polityka prywatno\u015bci - Le\u015bnicz\u00f3wka pod \u015anie\u017ck\u0105","isPartOf":{"@id":"https:\/\/lesniczowkapodsniezka.pl\/#website"},"datePublished":"2021-01-29T12:39:17+00:00","dateModified":"2021-03-16T11:07:09+00:00","breadcrumb":{"@id":"https:\/\/lesniczowkapodsniezka.pl\/polityka-prywatnosci#breadcrumb"},"inLanguage":"de","potentialAction":[{"@type":"ReadAction","target":["https:\/\/lesniczowkapodsniezka.pl\/polityka-prywatnosci"]}]},{"@type":"BreadcrumbList","@id":"https:\/\/lesniczowkapodsniezka.pl\/polityka-prywatnosci#breadcrumb","itemListElement":[{"@type":"ListItem","position":1,"name":"Strona g\u0142\u00f3wna","item":"https:\/\/lesniczowkapodsniezka.pl\/"},{"@type":"ListItem","position":2,"name":"Polityka prywatno\u015bci"}]}]}},"_links":{"self":[{"href":"https:\/\/lesniczowkapodsniezka.pl\/de\/wp-json\/wp\/v2\/pages\/942"}],"collection":[{"href":"https:\/\/lesniczowkapodsniezka.pl\/de\/wp-json\/wp\/v2\/pages"}],"about":[{"href":"https:\/\/lesniczowkapodsniezka.pl\/de\/wp-json\/wp\/v2\/types\/page"}],"author":[{"embeddable":true,"href":"https:\/\/lesniczowkapodsniezka.pl\/de\/wp-json\/wp\/v2\/users\/1"}],"replies":[{"embeddable":true,"href":"https:\/\/lesniczowkapodsniezka.pl\/de\/wp-json\/wp\/v2\/comments?post=942"}],"version-history":[{"count":2,"href":"https:\/\/lesniczowkapodsniezka.pl\/de\/wp-json\/wp\/v2\/pages\/942\/revisions"}],"predecessor-version":[{"id":1098,"href":"https:\/\/lesniczowkapodsniezka.pl\/de\/wp-json\/wp\/v2\/pages\/942\/revisions\/1098"}],"wp:attachment":[{"href":"https:\/\/lesniczowkapodsniezka.pl\/de\/wp-json\/wp\/v2\/media?parent=942"}],"curies":[{"name":"wp","href":"https:\/\/api.w.org\/{rel}","templated":true}]}}